{"id":13107,"date":"2017-08-06T09:48:20","date_gmt":"2017-08-06T08:48:20","guid":{"rendered":"http:\/\/www.urbanyouthhostel.com\/what-to-do-in-valencia\/"},"modified":"-0001-11-30T00:00:00","modified_gmt":"-0001-11-29T23:00:00","slug":"o-que-fazer-em-valencia","status":"publish","type":"page","link":"https:\/\/www.urbanyouthhostel.com\/pt-pt\/o-que-fazer-em-valencia\/","title":{"rendered":"O que fazer em Val\u00eancia"},"content":{"rendered":"<div class=\"wpb-content-wrapper\"><p>[vc_row][vc_column]\n        <div class=\"menu-element  horizontal menu-align-center\">\n\t\t\t\n\t\t\t\t\t\t\n\t\t\t<div class=\"menu-meses-pt-container\"><ul id=\"menu-meses-pt\" class=\"menu\"><li id=\"menu-item-13322\" class=\"menu-item menu-item-type-post_type menu-item-object-page menu-item-13322 item-level-0 item-design-dropdown columns-2\"><a href=\"https:\/\/www.urbanyouthhostel.com\/pt-pt\/valencia-em-janeiro\/\" class=\"item-link\">Valencia em janeiro<\/a><\/li>\n<li id=\"menu-item-13323\" class=\"menu-item menu-item-type-post_type menu-item-object-page menu-item-13323 item-level-0 item-design-dropdown columns-2\"><a href=\"https:\/\/www.urbanyouthhostel.com\/pt-pt\/valencia-em-fevereiro\/\" class=\"item-link\">Valencia em fevereiro<\/a><\/li>\n<li id=\"menu-item-13324\" class=\"menu-item menu-item-type-post_type menu-item-object-page menu-item-13324 item-level-0 item-design-dropdown columns-2\"><a href=\"https:\/\/www.urbanyouthhostel.com\/pt-pt\/valencia-em-marco\/\" class=\"item-link\">Valencia em mar\u00e7o<\/a><\/li>\n<li id=\"menu-item-13325\" class=\"menu-item menu-item-type-post_type menu-item-object-page menu-item-13325 item-level-0 item-design-dropdown columns-2\"><a href=\"https:\/\/www.urbanyouthhostel.com\/pt-pt\/valencia-em-abril\/\" class=\"item-link\">Valencia em abril<\/a><\/li>\n<li id=\"menu-item-13326\" class=\"menu-item menu-item-type-post_type menu-item-object-page menu-item-13326 item-level-0 item-design-dropdown columns-2\"><a href=\"https:\/\/www.urbanyouthhostel.com\/pt-pt\/valencia-em-maio\/\" class=\"item-link\">Valencia em maio<\/a><\/li>\n<li id=\"menu-item-13327\" class=\"menu-item menu-item-type-post_type menu-item-object-page menu-item-13327 item-level-0 item-design-dropdown columns-2\"><a href=\"https:\/\/www.urbanyouthhostel.com\/pt-pt\/valencia-em-junho\/\" class=\"item-link\">Valencia em junho<\/a><\/li>\n<li id=\"menu-item-13328\" class=\"menu-item menu-item-type-post_type menu-item-object-page menu-item-13328 item-level-0 item-design-dropdown columns-2\"><a href=\"https:\/\/www.urbanyouthhostel.com\/pt-pt\/valencia-em-julho\/\" class=\"item-link\">Valencia em julho<\/a><\/li>\n<li id=\"menu-item-13329\" class=\"menu-item menu-item-type-post_type menu-item-object-page menu-item-13329 item-level-0 item-design-dropdown columns-2\"><a href=\"https:\/\/www.urbanyouthhostel.com\/pt-pt\/valencia-em-agosto\/\" class=\"item-link\">Valencia em agosto<\/a><\/li>\n<li id=\"menu-item-13330\" class=\"menu-item menu-item-type-post_type menu-item-object-page menu-item-13330 item-level-0 item-design-dropdown columns-2\"><a href=\"https:\/\/www.urbanyouthhostel.com\/pt-pt\/valencia-em-setembro\/\" class=\"item-link\">Valencia em setembro<\/a><\/li>\n<li id=\"menu-item-13331\" class=\"menu-item menu-item-type-post_type menu-item-object-page menu-item-13331 item-level-0 item-design-dropdown columns-2\"><a href=\"https:\/\/www.urbanyouthhostel.com\/pt-pt\/valencia-em-outubro\/\" class=\"item-link\">Valencia em outubro<\/a><\/li>\n<li id=\"menu-item-13332\" class=\"menu-item menu-item-type-post_type menu-item-object-page menu-item-13332 item-level-0 item-design-dropdown columns-2\"><a href=\"https:\/\/www.urbanyouthhostel.com\/pt-pt\/valencia-em-novembro\/\" class=\"item-link\">Valencia em novembro<\/a><\/li>\n<li id=\"menu-item-13333\" class=\"menu-item menu-item-type-post_type menu-item-object-page menu-item-13333 item-level-0 item-design-dropdown columns-2\"><a href=\"https:\/\/www.urbanyouthhostel.com\/pt-pt\/valencia-em-dezembro\/\" class=\"item-link\">Valencia em dezembro<\/a><\/li>\n<\/ul><\/div>\n        <\/div>\n\t\t\n\t\t[vc_column_text]<\/p>\n<h2 style=\"text-align: center;\">N\u00e3o sabe o que fazer em Val\u00eancia? Confira a grande oferta de atividades, eventos e exposi\u00e7\u00f5es que temos em Val\u00eancia, uma cidade que nunca dorme.<\/h2>\n<p>[\/vc_column_text][\/vc_column][\/vc_row][vc_row][vc_column][vc_basic_grid post_type=&#8221;post&#8221; max_items=&#8221;100&#8243; style=&#8221;lazy&#8221; items_per_page=&#8221;9&#8243; show_filter=&#8221;yes&#8221; item=&#8221;masonryGrid_Default&#8221; grid_id=&#8221;vc_gid:1548933333717-938ad10a-e628-6&#8243; taxonomies=&#8221;117&#8243; filter_source=&#8221;post_tag&#8221;][\/vc_column][\/vc_row]<\/p>\n<\/div>","protected":false},"excerpt":{"rendered":"<p>[vc_row][vc_column][vc_column_text] N\u00e3o sabe o que fazer em Val\u00eancia? Confira a grande oferta de atividades, eventos e exposi\u00e7\u00f5es que temos em Val\u00eancia, uma cidade que nunca&#8230;<\/p>\n","protected":false},"author":1,"featured_media":0,"parent":0,"menu_order":0,"comment_status":"closed","ping_status":"closed","template":"","meta":{"rs_blank_template":"","rs_page_bg_color":"","slide_template_v7":"","footnotes":""},"class_list":["post-13107","page","type-page","status-publish","hentry"],"_links":{"self":[{"href":"https:\/\/www.urbanyouthhostel.com\/pt-pt\/wp-json\/wp\/v2\/pages\/13107","targetHints":{"allow":["GET"]}}],"collection":[{"href":"https:\/\/www.urbanyouthhostel.com\/pt-pt\/wp-json\/wp\/v2\/pages"}],"about":[{"href":"https:\/\/www.urbanyouthhostel.com\/pt-pt\/wp-json\/wp\/v2\/types\/page"}],"author":[{"embeddable":true,"href":"https:\/\/www.urbanyouthhostel.com\/pt-pt\/wp-json\/wp\/v2\/users\/1"}],"replies":[{"embeddable":true,"href":"https:\/\/www.urbanyouthhostel.com\/pt-pt\/wp-json\/wp\/v2\/comments?post=13107"}],"version-history":[{"count":0,"href":"https:\/\/www.urbanyouthhostel.com\/pt-pt\/wp-json\/wp\/v2\/pages\/13107\/revisions"}],"wp:attachment":[{"href":"https:\/\/www.urbanyouthhostel.com\/pt-pt\/wp-json\/wp\/v2\/media?parent=13107"}],"curies":[{"name":"wp","href":"https:\/\/api.w.org\/{rel}","templated":true}]}}