{"id":10989,"date":"2017-06-16T14:58:33","date_gmt":"2017-06-16T13:58:33","guid":{"rendered":"http:\/\/urban.2web.es\/prenotazioni\/"},"modified":"2024-04-09T12:21:07","modified_gmt":"2024-04-09T11:21:07","slug":"reservas","status":"publish","type":"page","link":"https:\/\/www.urbanyouthhostel.com\/pt-pt\/reservas\/","title":{"rendered":"Reservas"},"content":{"rendered":"<div class=\"wpb-content-wrapper\"><p>[vc_row][vc_column][vc_empty_space][vc_column_text]<\/p>\n<h2 style=\"text-align: center;\">FAZ A TUA RESERVA EM URBAN YOUTH HOSTEL VALENCIA<\/h2>\n<div class=\"clearboth\" style=\"text-align: center;\">\u00a0Fazer a reserva mediante a nossa p\u00e1gina \u00e9 muito simples, s\u00f3 tens que verificar disponibilidade de quartos na Caixa de reservas. Escolha a data da tua estadia e o n\u00famero de h\u00f3spedes. Se os quartos est\u00e3o dispon\u00edveis nesta data, podes continuar com a tua reserva.<\/div>\n<div class=\"mk-text-block \">\n<p style=\"text-align: center;\">Se tens algumas perguntas, tamb\u00e9m podes entrar em contato connosco mediante o e-mail\u00a0<strong><a title=\"Escribir a YOUTH URBAN HOSTEL\" href=\"mailto:info@urbanyouthhostel.com\">info@urbanyouthhostel.com<\/a><\/strong>, ou mediante uma chamada\u00a0<strong>+34 96 321 21 29<\/strong><\/p>\n<\/div>\n<p>[\/vc_column_text][\/vc_column][\/vc_row][vc_row][vc_column width=&#8221;1\/2&#8243; css=&#8221;.vc_custom_1497691967903{background-color: #f3f3f3 !important;}&#8221;][vc_column_text]<\/p>\n<div id=\"booking-form\" style=\"text-align: center;\">\t\t<div data-elementor-type=\"section\" data-elementor-id=\"14736\" class=\"elementor elementor-14736\" data-elementor-post-type=\"elementor_library\">\n\t\t\t<div class=\"elementor-element elementor-element-7be3a45 e-flex e-con-boxed e-con e-parent\" data-id=\"7be3a45\" data-element_type=\"container\" data-e-type=\"container\">\n\t\t\t\t\t<div class=\"e-con-inner\">\n\t\t\t\t<div class=\"elementor-element elementor-element-4e60d24 elementor-align-center elementor-widget__width-auto elementor-widget-mobile__width-initial fdm-bookingengine-startbtn etheme-elementor-widget-loaded elementor-widget elementor-widget-button\" data-id=\"4e60d24\" data-element_type=\"widget\" data-e-type=\"widget\" data-widget_type=\"button.default\">\n\t\t\t\t<div class=\"elementor-widget-container\">\n\t\t\t\t\t\t\t\t\t<div class=\"elementor-button-wrapper\">\n\t\t\t\t\t<a class=\"elementor-button elementor-button-link elementor-size-sm\" href=\"#\">\n\t\t\t\t\t\t<span class=\"elementor-button-content-wrapper\">\n\t\t\t\t\t\t\t\t\t<span class=\"elementor-button-text\">BOOKING<\/span>\n\t\t\t\t\t<\/span>\n\t\t\t\t\t<\/a>\n\t\t\t\t<\/div>\n\t\t\t\t\t\t\t\t<\/div>\n\t\t\t\t<\/div>\n\t\t\t\t\t<\/div>\n\t\t\t\t<\/div>\n\t\t\t\t<\/div>\n\t\t<br \/>\n<span style=\"color: #000000;\"><strong>Check-in: 3pm &#8211; \u00a0Check-out: 11am<\/strong><\/span><\/div>\n<div><\/div>\n<p>[\/vc_column_text][vc_separator][vc_column_text css=&#8221;.vc_custom_1498901617111{margin-bottom: 0px !important;}&#8221;]<\/p>\n<h3 style=\"text-align: center;\">VENS AO HOTEL COM UM GRUPO?<\/h3>\n<h4 style=\"text-align: center;\">TEMOS PRE\u00c7OS ESPECIAIS PARA TI E PARA OS TEUS ACOMPANHANTES!<\/h4>\n<p style=\"text-align: center;\"><em>*Tamb\u00e9m dispon\u00edvel regime de APA, MP e PC, Comidas 100% caseiras.<\/em><\/p>\n<p>[\/vc_column_text][vc_row_inner css=&#8221;.vc_custom_1497692319263{margin-top: 0px !important;}&#8221;][vc_column_inner width=&#8221;1\/6&#8243;][\/vc_column_inner][vc_column_inner width=&#8221;2\/3&#8243; css=&#8221;.vc_custom_1497692372293{margin-top: 0px !important;}&#8221;]<a href=\"http:\/\/urbanyouthhostel.com\/booking\/groups\/\" title=\"\"  data-id=\"mpc_button-9969ecad20352bc\" class=\"mpc-button mpc-init mpc-transition mpc-typography--mpc_preset_10 mpc-display--block \" ><div class=\"mpc-button__content mpc-effect-type--none mpc-effect-side--none\"><span class=\"mpc-button__title mpc-transition\">RESERVAS PARA GRUPOS<\/span><\/div><div class=\"mpc-button__background mpc-transition mpc-effect-type--slide mpc-effect-side--right\"><\/div><\/a>[\/vc_column_inner][vc_column_inner width=&#8221;1\/6&#8243;][\/vc_column_inner][\/vc_row_inner][vc_empty_space][\/vc_column][vc_column width=&#8221;1\/2&#8243;][vc_empty_space height=&#8221;20px&#8221;][vc_column_text]<\/p>\n<div class=\"mk-text-block \">\n<h3>O QUE EST\u00c1 INCLU\u00cdDO NO PRE\u00c7O DO QUARTO?<\/h3>\n<p>&nbsp;<\/p>\n<\/div>\n<div id=\"list-style-5944f26035b6a\" class=\"mk-list-styles mk-shortcode mk-align-none \">\n<ul>\n<li>Roupa de cama<\/li>\n<li>Secador (para pedir na recep\u00e7\u00e3o)<\/li>\n<li>Ferro e t\u00e1bua de passar roupa (para pedir na recep\u00e7\u00e3o)<\/li>\n<li>Cacifo Individual<\/li>\n<li>WIFI (dispon\u00edvel em todo o hostel)<\/li>\n<li>Sala de estar comum com TV<\/li>\n<li>Ar condicionado \/ calefa\u00e7\u00e3o<\/li>\n<li>Comedor e cozinha (totalmente equipada) cozinha para uso libre de h\u00f3spedes<\/li>\n<li>*Servi\u00e7o de bagagem (sobretaxa)<\/li>\n<li>*Toalhas (sobretaxa)<\/li>\n<\/ul>\n<\/div>\n<p>[\/vc_column_text][\/vc_column][\/vc_row][vc_row][vc_column][vc_empty_space][\/vc_column][\/vc_row][vc_row][vc_column][vc_column_text]<\/p>\n<h3><em>POL\u00cdTICA DE CANCELA\u00c7\u00c3O<\/em><\/h3>\n<div class=\"mk-text-block \">\n<p>Este establecimento tem uma pol\u00edtica de cancela\u00e7\u00e3o de 48 horas. Se a cancela\u00e7\u00e3o n\u00e3o \u00e9 feita dentro deste prazo, o establecimento cobrar\u00e1 o 100% da primeira noite da estadia planificada.<\/p>\n<p>Aqui poder\u00e1s ver \u00a0<a title=\"Cancellation policy\" href=\"http:\/\/www.urbanyouthhostel.com\/pt-pt\/politica-de-cancelacao\">TODAS AS NOSSAS CONDI\u00c7\u00d5ES DE CANCELA\u00c7\u00c3O<\/a><\/p>\n<div class=\"clearboth\"><\/div>\n<\/div>\n<p>[\/vc_column_text][\/vc_column][\/vc_row]<\/p>\n<\/div>","protected":false},"excerpt":{"rendered":"<p>[vc_row][vc_column][vc_empty_space][vc_column_text] FAZ A TUA RESERVA EM URBAN YOUTH HOSTEL VALENCIA \u00a0Fazer a reserva mediante a nossa p\u00e1gina \u00e9 muito simples, s\u00f3 tens que verificar disponibilidade&#8230;<\/p>\n","protected":false},"author":1,"featured_media":0,"parent":0,"menu_order":0,"comment_status":"closed","ping_status":"closed","template":"","meta":{"rs_blank_template":"","rs_page_bg_color":"","slide_template_v7":"","footnotes":""},"class_list":["post-10989","page","type-page","status-publish","hentry"],"_links":{"self":[{"href":"https:\/\/www.urbanyouthhostel.com\/pt-pt\/wp-json\/wp\/v2\/pages\/10989","targetHints":{"allow":["GET"]}}],"collection":[{"href":"https:\/\/www.urbanyouthhostel.com\/pt-pt\/wp-json\/wp\/v2\/pages"}],"about":[{"href":"https:\/\/www.urbanyouthhostel.com\/pt-pt\/wp-json\/wp\/v2\/types\/page"}],"author":[{"embeddable":true,"href":"https:\/\/www.urbanyouthhostel.com\/pt-pt\/wp-json\/wp\/v2\/users\/1"}],"replies":[{"embeddable":true,"href":"https:\/\/www.urbanyouthhostel.com\/pt-pt\/wp-json\/wp\/v2\/comments?post=10989"}],"version-history":[{"count":3,"href":"https:\/\/www.urbanyouthhostel.com\/pt-pt\/wp-json\/wp\/v2\/pages\/10989\/revisions"}],"predecessor-version":[{"id":14806,"href":"https:\/\/www.urbanyouthhostel.com\/pt-pt\/wp-json\/wp\/v2\/pages\/10989\/revisions\/14806"}],"wp:attachment":[{"href":"https:\/\/www.urbanyouthhostel.com\/pt-pt\/wp-json\/wp\/v2\/media?parent=10989"}],"curies":[{"name":"wp","href":"https:\/\/api.w.org\/{rel}","templated":true}]}}