{"id":13177,"date":"2017-07-23T08:31:41","date_gmt":"2017-07-23T07:31:41","guid":{"rendered":"http:\/\/www.urbanyouthhostel.com\/valencia-july\/"},"modified":"-0001-11-30T00:00:00","modified_gmt":"-0001-11-29T23:00:00","slug":"valence-en-juillet","status":"publish","type":"page","link":"https:\/\/www.urbanyouthhostel.com\/fr\/valence-en-juillet\/","title":{"rendered":"Valence en juillet"},"content":{"rendered":"<div class=\"wpb-content-wrapper\"><p>[vc_row][vc_column]\n        <div class=\"menu-element  horizontal menu-align-center\">\n\t\t\t\n\t\t\t\t\t\t\n\t\t\t<div class=\"menu-meses-fr-container\"><ul id=\"menu-meses-fr\" class=\"menu\"><li id=\"menu-item-13274\" class=\"menu-item menu-item-type-post_type menu-item-object-page menu-item-13274 item-level-0 item-design-dropdown columns-2\"><a href=\"https:\/\/www.urbanyouthhostel.com\/fr\/valence-en-janvier\/\" class=\"item-link\">Valence en janvier<\/a><\/li>\n<li id=\"menu-item-13275\" class=\"menu-item menu-item-type-post_type menu-item-object-page menu-item-13275 item-level-0 item-design-dropdown columns-2\"><a href=\"https:\/\/www.urbanyouthhostel.com\/fr\/valence-en-fevrier\/\" class=\"item-link\">Valence en f\u00e9vrier<\/a><\/li>\n<li id=\"menu-item-13276\" class=\"menu-item menu-item-type-post_type menu-item-object-page menu-item-13276 item-level-0 item-design-dropdown columns-2\"><a href=\"https:\/\/www.urbanyouthhostel.com\/fr\/valence-en-mars\/\" class=\"item-link\">Valence en mars<\/a><\/li>\n<li id=\"menu-item-13277\" class=\"menu-item menu-item-type-post_type menu-item-object-page menu-item-13277 item-level-0 item-design-dropdown columns-2\"><a href=\"https:\/\/www.urbanyouthhostel.com\/fr\/valence-en-avril\/\" class=\"item-link\">Valence en avril<\/a><\/li>\n<li id=\"menu-item-13278\" class=\"menu-item menu-item-type-post_type menu-item-object-page menu-item-13278 item-level-0 item-design-dropdown columns-2\"><a href=\"https:\/\/www.urbanyouthhostel.com\/fr\/valence-en-mai\/\" class=\"item-link\">Valence en mai<\/a><\/li>\n<li id=\"menu-item-13279\" class=\"menu-item menu-item-type-post_type menu-item-object-page menu-item-13279 item-level-0 item-design-dropdown columns-2\"><a href=\"https:\/\/www.urbanyouthhostel.com\/fr\/valence-en-juin\/\" class=\"item-link\">Valence en juin<\/a><\/li>\n<li id=\"menu-item-13280\" class=\"menu-item menu-item-type-post_type menu-item-object-page menu-item-13280 item-level-0 item-design-dropdown columns-2\"><a href=\"https:\/\/www.urbanyouthhostel.com\/fr\/valence-en-juillet\/\" class=\"item-link\">Valence en juillet<\/a><\/li>\n<li id=\"menu-item-13281\" class=\"menu-item menu-item-type-post_type menu-item-object-page menu-item-13281 item-level-0 item-design-dropdown columns-2\"><a href=\"https:\/\/www.urbanyouthhostel.com\/fr\/valence-en-aout\/\" class=\"item-link\">Valence en ao\u00fbt<\/a><\/li>\n<li id=\"menu-item-13282\" class=\"menu-item menu-item-type-post_type menu-item-object-page menu-item-13282 item-level-0 item-design-dropdown columns-2\"><a href=\"https:\/\/www.urbanyouthhostel.com\/fr\/valence-en-septembre\/\" class=\"item-link\">Valence en septembre<\/a><\/li>\n<li id=\"menu-item-13283\" class=\"menu-item menu-item-type-post_type menu-item-object-page menu-item-13283 item-level-0 item-design-dropdown columns-2\"><a href=\"https:\/\/www.urbanyouthhostel.com\/fr\/valence-en-octobre\/\" class=\"item-link\">Valence en octobre<\/a><\/li>\n<li id=\"menu-item-13284\" class=\"menu-item menu-item-type-post_type menu-item-object-page menu-item-13284 item-level-0 item-design-dropdown columns-2\"><a href=\"https:\/\/www.urbanyouthhostel.com\/fr\/valence-en-novembre\/\" class=\"item-link\">Valence en novembre<\/a><\/li>\n<li id=\"menu-item-13285\" class=\"menu-item menu-item-type-post_type menu-item-object-page menu-item-13285 item-level-0 item-design-dropdown columns-2\"><a href=\"https:\/\/www.urbanyouthhostel.com\/fr\/valence-en-decembre\/\" class=\"item-link\">Valence en d\u00e9cembre<\/a><\/li>\n<\/ul><\/div>\n        <\/div>\n\t\t\n\t\t[vc_column_text]<\/p>\n<h2 style=\"text-align: center;\">D\u00e9couvrez la grande offre d&#8217;activit\u00e9s, d&#8217;\u00e9v\u00e9nements et d&#8217;expositions que nous avons \u00e0 Valence au mois de juillet.<\/h2>\n<p>[\/vc_column_text][\/vc_column][\/vc_row][vc_row][vc_column][vc_basic_grid post_type=&#8221;post&#8221; max_items=&#8221;100&#8243; style=&#8221;lazy&#8221; items_per_page=&#8221;9&#8243; show_filter=&#8221;yes&#8221; item=&#8221;masonryGrid_Default&#8221; grid_id=&#8221;vc_gid:1548943985560-7b88d366-725b-4&#8243; taxonomies=&#8221;105&#8243; filter_source=&#8221;post_tag&#8221;][\/vc_column][\/vc_row]<\/p>\n<\/div>","protected":false},"excerpt":{"rendered":"<p>[vc_row][vc_column][vc_column_text] D\u00e9couvrez la grande offre d&#8217;activit\u00e9s, d&#8217;\u00e9v\u00e9nements et d&#8217;expositions que nous avons \u00e0 Valence au mois de juillet. [\/vc_column_text][\/vc_column][\/vc_row][vc_row][vc_column][vc_basic_grid post_type=&#8221;post&#8221; max_items=&#8221;100&#8243; style=&#8221;lazy&#8221; items_per_page=&#8221;9&#8243; show_filter=&#8221;yes&#8221; item=&#8221;masonryGrid_Default&#8221;&#8230;<\/p>\n","protected":false},"author":1,"featured_media":0,"parent":0,"menu_order":0,"comment_status":"closed","ping_status":"closed","template":"","meta":{"rs_blank_template":"","rs_page_bg_color":"","slide_template_v7":"","footnotes":""},"class_list":["post-13177","page","type-page","status-publish","hentry"],"_links":{"self":[{"href":"https:\/\/www.urbanyouthhostel.com\/fr\/wp-json\/wp\/v2\/pages\/13177","targetHints":{"allow":["GET"]}}],"collection":[{"href":"https:\/\/www.urbanyouthhostel.com\/fr\/wp-json\/wp\/v2\/pages"}],"about":[{"href":"https:\/\/www.urbanyouthhostel.com\/fr\/wp-json\/wp\/v2\/types\/page"}],"author":[{"embeddable":true,"href":"https:\/\/www.urbanyouthhostel.com\/fr\/wp-json\/wp\/v2\/users\/1"}],"replies":[{"embeddable":true,"href":"https:\/\/www.urbanyouthhostel.com\/fr\/wp-json\/wp\/v2\/comments?post=13177"}],"version-history":[{"count":0,"href":"https:\/\/www.urbanyouthhostel.com\/fr\/wp-json\/wp\/v2\/pages\/13177\/revisions"}],"wp:attachment":[{"href":"https:\/\/www.urbanyouthhostel.com\/fr\/wp-json\/wp\/v2\/media?parent=13177"}],"curies":[{"name":"wp","href":"https:\/\/api.w.org\/{rel}","templated":true}]}}