{"id":13066,"date":"2017-08-06T10:21:18","date_gmt":"2017-08-06T09:21:18","guid":{"rendered":"http:\/\/www.urbanyouthhostel.com\/valencia-nightlife\/"},"modified":"-0001-11-30T00:00:00","modified_gmt":"-0001-11-29T23:00:00","slug":"vie-nocturne-de-valence","status":"publish","type":"page","link":"https:\/\/www.urbanyouthhostel.com\/fr\/vie-nocturne-de-valence\/","title":{"rendered":"Vie nocturne de Valence"},"content":{"rendered":"<div class=\"wpb-content-wrapper\"><p>[vc_row][vc_column][vc_column_text]<\/p>\n<h2 style=\"text-align: center;\">Valence est une ville qui ne dort jamais. D\u00e9couvrez les secrets de la vie nocturne en M\u00e9diterran\u00e9e.<\/h2>\n<p>[\/vc_column_text][\/vc_column][\/vc_row][vc_row][vc_column][vc_basic_grid post_type=&#8221;post&#8221; max_items=&#8221;100&#8243; style=&#8221;lazy&#8221; items_per_page=&#8221;9&#8243; item=&#8221;masonryGrid_Default&#8221; grid_id=&#8221;vc_gid:1548931694909-83e6091f-885e-10&#8243; taxonomies=&#8221;258&#8243;][\/vc_column][\/vc_row]<\/p>\n<\/div>","protected":false},"excerpt":{"rendered":"<p>[vc_row][vc_column][vc_column_text] Valence est une ville qui ne dort jamais. D\u00e9couvrez les secrets de la vie nocturne en M\u00e9diterran\u00e9e. [\/vc_column_text][\/vc_column][\/vc_row][vc_row][vc_column][vc_basic_grid post_type=&#8221;post&#8221; max_items=&#8221;100&#8243; style=&#8221;lazy&#8221; items_per_page=&#8221;9&#8243; item=&#8221;masonryGrid_Default&#8221; grid_id=&#8221;vc_gid:1548931694909-83e6091f-885e-10&#8243;&#8230;<\/p>\n","protected":false},"author":1,"featured_media":0,"parent":0,"menu_order":0,"comment_status":"closed","ping_status":"closed","template":"","meta":{"rs_blank_template":"","rs_page_bg_color":"","slide_template_v7":"","footnotes":""},"class_list":["post-13066","page","type-page","status-publish","hentry"],"_links":{"self":[{"href":"https:\/\/www.urbanyouthhostel.com\/fr\/wp-json\/wp\/v2\/pages\/13066","targetHints":{"allow":["GET"]}}],"collection":[{"href":"https:\/\/www.urbanyouthhostel.com\/fr\/wp-json\/wp\/v2\/pages"}],"about":[{"href":"https:\/\/www.urbanyouthhostel.com\/fr\/wp-json\/wp\/v2\/types\/page"}],"author":[{"embeddable":true,"href":"https:\/\/www.urbanyouthhostel.com\/fr\/wp-json\/wp\/v2\/users\/1"}],"replies":[{"embeddable":true,"href":"https:\/\/www.urbanyouthhostel.com\/fr\/wp-json\/wp\/v2\/comments?post=13066"}],"version-history":[{"count":0,"href":"https:\/\/www.urbanyouthhostel.com\/fr\/wp-json\/wp\/v2\/pages\/13066\/revisions"}],"wp:attachment":[{"href":"https:\/\/www.urbanyouthhostel.com\/fr\/wp-json\/wp\/v2\/media?parent=13066"}],"curies":[{"name":"wp","href":"https:\/\/api.w.org\/{rel}","templated":true}]}}