{"id":11658,"date":"2017-06-16T14:57:55","date_gmt":"2017-06-16T13:57:55","guid":{"rendered":"http:\/\/urban.2web.es\/activities\/"},"modified":"-0001-11-30T00:00:00","modified_gmt":"-0001-11-29T23:00:00","slug":"activites","status":"publish","type":"page","link":"https:\/\/www.urbanyouthhostel.com\/fr\/activites\/","title":{"rendered":"Activit\u00e9s"},"content":{"rendered":"<div class=\"wpb-content-wrapper\"><p>[vc_row full_height=&#8221;yes&#8221; css=&#8221;.vc_custom_1500799458600{margin-bottom: 20px !important;}&#8221;][vc_column width=&#8221;1\/3&#8243; css=&#8221;.vc_custom_1500799342222{background-color: #59abe3 !important;}&#8221;][vc_column_text]<\/p>\n<h3 style=\"text-align: left;\"><span style=\"color: #ffffff;\">Valence est une ville toujours pleine de vie. Il y a plus de 300 jours de soleil par an, ce qui en fait l&#8217;une des destinations touristiques les plus attrayantes au monde.<\/span><\/h3>\n<h3 style=\"text-align: left;\"><span style=\"color: #ffffff;\">Nous vous proposons ici un index afin que vous puissiez trouver une gamme d&#8217;activit\u00e9s, d&#8217;\u00e9v\u00e9nements, de concerts et bien plus qui r\u00e9pondent mieux \u00e0 vos besoins et \u00e0 vos attentes.<\/span><\/h3>\n<p>[\/vc_column_text]\n<div class=\"wpcf7 no-js\" id=\"wpcf7-f4081-o1\" lang=\"en-US\" dir=\"ltr\" data-wpcf7-id=\"4081\">\n<div class=\"screen-reader-response\"><p role=\"status\" aria-live=\"polite\" aria-atomic=\"true\"><\/p> <ul><\/ul><\/div>\n<form action=\"\/fr\/wp-json\/wp\/v2\/pages\/11658#wpcf7-f4081-o1\" method=\"post\" class=\"wpcf7-form init\" aria-label=\"Contact form\" novalidate=\"novalidate\" data-status=\"init\">\n<fieldset class=\"hidden-fields-container\"><input type=\"hidden\" name=\"_wpcf7\" value=\"4081\" \/><input type=\"hidden\" name=\"_wpcf7_version\" value=\"6.1.5\" \/><input type=\"hidden\" name=\"_wpcf7_locale\" value=\"en_US\" \/><input type=\"hidden\" name=\"_wpcf7_unit_tag\" value=\"wpcf7-f4081-o1\" \/><input type=\"hidden\" name=\"_wpcf7_container_post\" value=\"0\" \/><input type=\"hidden\" name=\"_wpcf7_posted_data_hash\" value=\"\" \/><input type=\"hidden\" name=\"_wpcf7_recaptcha_response\" value=\"\" \/>\n<\/fieldset>\n<div class=\"form-group\">\n\t<p><label>Your Name*<\/label><br \/>\n<span class=\"wpcf7-form-control-wrap\" data-name=\"your-name\"><input size=\"40\" maxlength=\"400\" class=\"wpcf7-form-control wpcf7-text wpcf7-validates-as-required\" aria-required=\"true\" aria-invalid=\"false\" value=\"\" type=\"text\" name=\"your-name\" \/><\/span>\n\t<\/p>\n\t<p><label>Your Surname*<\/label><br \/>\n<span class=\"wpcf7-form-control-wrap\" data-name=\"your-surname\"><input size=\"40\" maxlength=\"400\" class=\"wpcf7-form-control wpcf7-text wpcf7-validates-as-required\" aria-required=\"true\" aria-invalid=\"false\" value=\"\" type=\"text\" name=\"your-surname\" \/><\/span>\n\t<\/p>\n<\/div>\n<div class=\"form-group\">\n\t<p><label>Your Email*<\/label><br \/>\n<span class=\"wpcf7-form-control-wrap\" data-name=\"your-email\"><input size=\"40\" maxlength=\"400\" class=\"wpcf7-form-control wpcf7-email wpcf7-validates-as-required wpcf7-text wpcf7-validates-as-email\" aria-required=\"true\" aria-invalid=\"false\" value=\"\" type=\"email\" name=\"your-email\" \/><\/span>\n\t<\/p>\n\t<p><label>Phone<\/label><br \/>\n<span class=\"wpcf7-form-control-wrap\" data-name=\"tel\"><input size=\"40\" maxlength=\"400\" class=\"wpcf7-form-control wpcf7-tel wpcf7-text wpcf7-validates-as-tel\" aria-invalid=\"false\" value=\"\" type=\"tel\" name=\"tel\" \/><\/span>\n\t<\/p>\n<\/div>\n<p><br \/>\n<label>Your Message*<\/label><br \/>\n<span class=\"wpcf7-form-control-wrap\" data-name=\"your-message\"><textarea cols=\"40\" rows=\"10\" maxlength=\"2000\" class=\"wpcf7-form-control wpcf7-textarea wpcf7-validates-as-required\" aria-required=\"true\" aria-invalid=\"false\" name=\"your-message\"><\/textarea><\/span>\n<\/p>\n<p><input class=\"wpcf7-form-control wpcf7-submit has-spinner\" type=\"submit\" value=\"Send message\" \/>\n<\/p><div class=\"wpcf7-response-output\" aria-hidden=\"true\"><\/div>\n<\/form>\n<\/div>\n[\/vc_column][vc_column width=&#8221;1\/3&#8243;][vc_column_text css=&#8221;.vc_custom_1548499465303{margin-bottom: -10px !important;padding-top: 10px !important;padding-right: 10px !important;padding-bottom: 10px !important;padding-left: 10px !important;background-color: #59abe3 !important;border-radius: 5px !important;}&#8221;]<\/p>\n<h3 style=\"text-align: left;\"><span style=\"color: #ffffff;\">Calendrier<\/span><\/h3>\n<p>[\/vc_column_text]<div id=\"mpc_icon_list-4569f4be7bebd61\" class=\"mpc-icon-list mpc-init mpc-icon--left mpc-typography--mpc_preset_57 \"><ul class=\"mpc-list__ul\"><li class=\"mpc-list__item mpc-parent-hover mpc-transition\" data-index=\"0\"><div class=\"mpc-list__icon\"><div data-id=\"mpc_icon-2469f4be7bebd95\" class=\"mpc-icon mpc-init mpc-transition mpc-effect-slide-down mpc-icon-hover \"><div class=\"mpc-icon-wrap\"><i class=\"mpc-icon-part mpc-regular mpc-transition  eti eti_arrow_carrot-right\"><\/i><i class=\"mpc-icon-part mpc-hover mpc-transition  eti eti_arrow_carrot-right\"><\/i><\/div><\/div><\/div><span class=\"mpc-list__title\"><a href=\"http:\/\/www.urbanyouthhostel.com\/fr\/valencia-toute-lannee\/\">TOUTE L'ANN\u00c9E<\/a><\/span><\/li><li class=\"mpc-list__item mpc-parent-hover mpc-transition\" data-index=\"1\"><div class=\"mpc-list__icon\"><div data-id=\"mpc_icon-2469f4be7bebd95\" class=\"mpc-icon mpc-init mpc-transition mpc-effect-slide-down mpc-icon-hover \"><div class=\"mpc-icon-wrap\"><i class=\"mpc-icon-part mpc-regular mpc-transition  eti eti_arrow_carrot-right\"><\/i><i class=\"mpc-icon-part mpc-hover mpc-transition  eti eti_arrow_carrot-right\"><\/i><\/div><\/div><\/div><span class=\"mpc-list__title\"><a href=\"http:\/\/www.urbanyouthhostel.com\/fr\/valence-en-janvier\/\">JANVIER<\/a><\/span><\/li><li class=\"mpc-list__item mpc-parent-hover mpc-transition\" data-index=\"2\"><div class=\"mpc-list__icon\"><div data-id=\"mpc_icon-2469f4be7bebd95\" class=\"mpc-icon mpc-init mpc-transition mpc-effect-slide-down mpc-icon-hover \"><div class=\"mpc-icon-wrap\"><i class=\"mpc-icon-part mpc-regular mpc-transition  eti eti_arrow_carrot-right\"><\/i><i class=\"mpc-icon-part mpc-hover mpc-transition  eti eti_arrow_carrot-right\"><\/i><\/div><\/div><\/div><span class=\"mpc-list__title\"><a href=\"http:\/\/www.urbanyouthhostel.com\/fr\/valence-en-fevrier\/\">F\u00c9VRIER<\/a><\/span><\/li><li class=\"mpc-list__item mpc-parent-hover mpc-transition\" data-index=\"3\"><div class=\"mpc-list__icon\"><div data-id=\"mpc_icon-2469f4be7bebd95\" class=\"mpc-icon mpc-init mpc-transition mpc-effect-slide-down mpc-icon-hover \"><div class=\"mpc-icon-wrap\"><i class=\"mpc-icon-part mpc-regular mpc-transition  eti eti_arrow_carrot-right\"><\/i><i class=\"mpc-icon-part mpc-hover mpc-transition  eti eti_arrow_carrot-right\"><\/i><\/div><\/div><\/div><span class=\"mpc-list__title\"><a href=\"http:\/\/www.urbanyouthhostel.com\/fr\/valence-en-mars\/\">MARS<\/a><\/span><\/li><li class=\"mpc-list__item mpc-parent-hover mpc-transition\" data-index=\"4\"><div class=\"mpc-list__icon\"><div data-id=\"mpc_icon-2469f4be7bebd95\" class=\"mpc-icon mpc-init mpc-transition mpc-effect-slide-down mpc-icon-hover \"><div class=\"mpc-icon-wrap\"><i class=\"mpc-icon-part mpc-regular mpc-transition  eti eti_arrow_carrot-right\"><\/i><i class=\"mpc-icon-part mpc-hover mpc-transition  eti eti_arrow_carrot-right\"><\/i><\/div><\/div><\/div><span class=\"mpc-list__title\"><a href=\"http:\/\/www.urbanyouthhostel.com\/fr\/valence-en-avril\/\">AVRIL<\/a><\/span><\/li><li class=\"mpc-list__item mpc-parent-hover mpc-transition\" data-index=\"5\"><div class=\"mpc-list__icon\"><div data-id=\"mpc_icon-2469f4be7bebd95\" class=\"mpc-icon mpc-init mpc-transition mpc-effect-slide-down mpc-icon-hover \"><div class=\"mpc-icon-wrap\"><i class=\"mpc-icon-part mpc-regular mpc-transition  eti eti_arrow_carrot-right\"><\/i><i class=\"mpc-icon-part mpc-hover mpc-transition  eti eti_arrow_carrot-right\"><\/i><\/div><\/div><\/div><span class=\"mpc-list__title\"><a href=\"http:\/\/www.urbanyouthhostel.com\/fr\/valence-en-mai\/\">MAI<\/a><\/span><\/li><li class=\"mpc-list__item mpc-parent-hover mpc-transition\" data-index=\"6\"><div class=\"mpc-list__icon\"><div data-id=\"mpc_icon-2469f4be7bebd95\" class=\"mpc-icon mpc-init mpc-transition mpc-effect-slide-down mpc-icon-hover \"><div class=\"mpc-icon-wrap\"><i class=\"mpc-icon-part mpc-regular mpc-transition  eti eti_arrow_carrot-right\"><\/i><i class=\"mpc-icon-part mpc-hover mpc-transition  eti eti_arrow_carrot-right\"><\/i><\/div><\/div><\/div><span class=\"mpc-list__title\"><a href=\"http:\/\/www.urbanyouthhostel.com\/fr\/valence-en-juin\/\">JUIN<\/a><\/span><\/li><li class=\"mpc-list__item mpc-parent-hover mpc-transition\" data-index=\"7\"><div class=\"mpc-list__icon\"><div data-id=\"mpc_icon-2469f4be7bebd95\" class=\"mpc-icon mpc-init mpc-transition mpc-effect-slide-down mpc-icon-hover \"><div class=\"mpc-icon-wrap\"><i class=\"mpc-icon-part mpc-regular mpc-transition  eti eti_arrow_carrot-right\"><\/i><i class=\"mpc-icon-part mpc-hover mpc-transition  eti eti_arrow_carrot-right\"><\/i><\/div><\/div><\/div><span class=\"mpc-list__title\"><a href=\"http:\/\/www.urbanyouthhostel.com\/fr\/valence-en-juillet\/\">JUILLET<\/a><\/span><\/li><li class=\"mpc-list__item mpc-parent-hover mpc-transition\" data-index=\"8\"><div class=\"mpc-list__icon\"><div data-id=\"mpc_icon-2469f4be7bebd95\" class=\"mpc-icon mpc-init mpc-transition mpc-effect-slide-down mpc-icon-hover \"><div class=\"mpc-icon-wrap\"><i class=\"mpc-icon-part mpc-regular mpc-transition  eti eti_arrow_carrot-right\"><\/i><i class=\"mpc-icon-part mpc-hover mpc-transition  eti eti_arrow_carrot-right\"><\/i><\/div><\/div><\/div><span class=\"mpc-list__title\"><a href=\"http:\/\/www.urbanyouthhostel.com\/fr\/valence-en-aout\/\">AO\u00dbT<\/a><\/span><\/li><li class=\"mpc-list__item mpc-parent-hover mpc-transition\" data-index=\"9\"><div class=\"mpc-list__icon\"><div data-id=\"mpc_icon-2469f4be7bebd95\" class=\"mpc-icon mpc-init mpc-transition mpc-effect-slide-down mpc-icon-hover \"><div class=\"mpc-icon-wrap\"><i class=\"mpc-icon-part mpc-regular mpc-transition  eti eti_arrow_carrot-right\"><\/i><i class=\"mpc-icon-part mpc-hover mpc-transition  eti eti_arrow_carrot-right\"><\/i><\/div><\/div><\/div><span class=\"mpc-list__title\"><a href=\"http:\/\/www.urbanyouthhostel.com\/fr\/valence-en-septembre\/\">SEPTEMBRE<\/a><\/span><\/li><li class=\"mpc-list__item mpc-parent-hover mpc-transition\" data-index=\"10\"><div class=\"mpc-list__icon\"><div data-id=\"mpc_icon-2469f4be7bebd95\" class=\"mpc-icon mpc-init mpc-transition mpc-effect-slide-down mpc-icon-hover \"><div class=\"mpc-icon-wrap\"><i class=\"mpc-icon-part mpc-regular mpc-transition  eti eti_arrow_carrot-right\"><\/i><i class=\"mpc-icon-part mpc-hover mpc-transition  eti eti_arrow_carrot-right\"><\/i><\/div><\/div><\/div><span class=\"mpc-list__title\"><a href=\"http:\/\/www.urbanyouthhostel.com\/fr\/valence-en-octobre\/\">OCTOBRE<\/a><\/span><\/li><li class=\"mpc-list__item mpc-parent-hover mpc-transition\" data-index=\"11\"><div class=\"mpc-list__icon\"><div data-id=\"mpc_icon-2469f4be7bebd95\" class=\"mpc-icon mpc-init mpc-transition mpc-effect-slide-down mpc-icon-hover \"><div class=\"mpc-icon-wrap\"><i class=\"mpc-icon-part mpc-regular mpc-transition  eti eti_arrow_carrot-right\"><\/i><i class=\"mpc-icon-part mpc-hover mpc-transition  eti eti_arrow_carrot-right\"><\/i><\/div><\/div><\/div><span class=\"mpc-list__title\"><a href=\"http:\/\/www.urbanyouthhostel.com\/fr\/valence-en-novembre\/\">NOVEMBRE<\/a><\/span><\/li><li class=\"mpc-list__item mpc-parent-hover mpc-transition\" data-index=\"12\"><div class=\"mpc-list__icon\"><div data-id=\"mpc_icon-2469f4be7bebd95\" class=\"mpc-icon mpc-init mpc-transition mpc-effect-slide-down mpc-icon-hover \"><div class=\"mpc-icon-wrap\"><i class=\"mpc-icon-part mpc-regular mpc-transition  eti eti_arrow_carrot-right\"><\/i><i class=\"mpc-icon-part mpc-hover mpc-transition  eti eti_arrow_carrot-right\"><\/i><\/div><\/div><\/div><span class=\"mpc-list__title\"><a href=\"http:\/\/www.urbanyouthhostel.com\/fr\/valence-en-decembre\/\">D\u00c9CEMBRE<\/a><\/span><\/li><\/ul><\/div>[\/vc_column][vc_column width=&#8221;1\/3&#8243;][vc_column_text css=&#8221;.vc_custom_1548500430041{margin-bottom: -10px !important;padding-top: 10px !important;padding-right: 10px !important;padding-bottom: 10px !important;padding-left: 10px !important;background-color: #59abe3 !important;border-radius: 5px !important;}&#8221;]<\/p>\n<h3 style=\"text-align: left;\"><span style=\"color: #ffffff;\">Cat\u00e9gorie<\/span><\/h3>\n<p>[\/vc_column_text]<div id=\"mpc_icon_list-3269f4be7bebde2\" class=\"mpc-icon-list mpc-init mpc-icon--left mpc-typography--mpc_preset_57 \"><ul class=\"mpc-list__ul\"><li class=\"mpc-list__item mpc-parent-hover mpc-transition\" data-index=\"0\"><div class=\"mpc-list__icon\"><div data-id=\"mpc_icon-5469f4be7bebdfb\" class=\"mpc-icon mpc-init mpc-transition mpc-effect-slide-down mpc-icon-hover \"><div class=\"mpc-icon-wrap\"><i class=\"mpc-icon-part mpc-regular mpc-transition  eti eti_arrow_carrot-right\"><\/i><i class=\"mpc-icon-part mpc-hover mpc-transition  eti eti_arrow_carrot-right\"><\/i><\/div><\/div><\/div><span class=\"mpc-list__title\"><a href=\"http:\/\/www.urbanyouthhostel.com\/fr\/nous-recommandons\/\">NOUS RECOMMANDONS<\/a><\/span><\/li><li class=\"mpc-list__item mpc-parent-hover mpc-transition\" data-index=\"1\"><div class=\"mpc-list__icon\"><div data-id=\"mpc_icon-5469f4be7bebdfb\" class=\"mpc-icon mpc-init mpc-transition mpc-effect-slide-down mpc-icon-hover \"><div class=\"mpc-icon-wrap\"><i class=\"mpc-icon-part mpc-regular mpc-transition  eti eti_arrow_carrot-right\"><\/i><i class=\"mpc-icon-part mpc-hover mpc-transition  eti eti_arrow_carrot-right\"><\/i><\/div><\/div><\/div><span class=\"mpc-list__title\"><a href=\"http:\/\/www.urbanyouthhostel.com\/fr\/valence-monuments\/\">Les monuments<\/a><\/span><\/li><li class=\"mpc-list__item mpc-parent-hover mpc-transition\" data-index=\"2\"><div class=\"mpc-list__icon\"><div data-id=\"mpc_icon-5469f4be7bebdfb\" class=\"mpc-icon mpc-init mpc-transition mpc-effect-slide-down mpc-icon-hover \"><div class=\"mpc-icon-wrap\"><i class=\"mpc-icon-part mpc-regular mpc-transition  eti eti_arrow_carrot-right\"><\/i><i class=\"mpc-icon-part mpc-hover mpc-transition  eti eti_arrow_carrot-right\"><\/i><\/div><\/div><\/div><span class=\"mpc-list__title\"><a href=\"http:\/\/www.urbanyouthhostel.com\/fr\/valence-musees\/\">Mus\u00e9es<\/a><\/span><\/li><li class=\"mpc-list__item mpc-parent-hover mpc-transition\" data-index=\"3\"><div class=\"mpc-list__icon\"><div data-id=\"mpc_icon-5469f4be7bebdfb\" class=\"mpc-icon mpc-init mpc-transition mpc-effect-slide-down mpc-icon-hover \"><div class=\"mpc-icon-wrap\"><i class=\"mpc-icon-part mpc-regular mpc-transition  eti eti_arrow_carrot-right\"><\/i><i class=\"mpc-icon-part mpc-hover mpc-transition  eti eti_arrow_carrot-right\"><\/i><\/div><\/div><\/div><span class=\"mpc-list__title\"><a href=\"http:\/\/www.urbanyouthhostel.com\/fr\/valence-nature\/\">La nature<\/a><\/span><\/li><li class=\"mpc-list__item mpc-parent-hover mpc-transition\" data-index=\"4\"><div class=\"mpc-list__icon\"><div data-id=\"mpc_icon-5469f4be7bebdfb\" class=\"mpc-icon mpc-init mpc-transition mpc-effect-slide-down mpc-icon-hover \"><div class=\"mpc-icon-wrap\"><i class=\"mpc-icon-part mpc-regular mpc-transition  eti eti_arrow_carrot-right\"><\/i><i class=\"mpc-icon-part mpc-hover mpc-transition  eti eti_arrow_carrot-right\"><\/i><\/div><\/div><\/div><span class=\"mpc-list__title\"><a href=\"http:\/\/www.urbanyouthhostel.com\/fr\/valence-festivals-populaires\/\">Festivals Populaires<\/a><\/span><\/li><\/ul><\/div>[vc_column_text css=&#8221;.vc_custom_1548500862675{margin-bottom: -10px !important;padding-top: 10px !important;padding-right: 10px !important;padding-bottom: 10px !important;padding-left: 10px !important;background-color: #59abe3 !important;border-radius: 5px !important;}&#8221;]<\/p>\n<h3 style=\"text-align: left;\"><span style=\"color: #ffffff;\">Guide du voyageur<\/span><\/h3>\n<p>[\/vc_column_text]<div id=\"mpc_icon_list-4369f4be7bebe32\" class=\"mpc-icon-list mpc-init mpc-icon--left mpc-typography--mpc_preset_57 \"><ul class=\"mpc-list__ul\"><li class=\"mpc-list__item mpc-parent-hover mpc-transition\" data-index=\"0\"><div class=\"mpc-list__icon\"><div data-id=\"mpc_icon-2769f4be7bebe47\" class=\"mpc-icon mpc-init mpc-transition mpc-effect-slide-down mpc-icon-hover \"><div class=\"mpc-icon-wrap\"><i class=\"mpc-icon-part mpc-regular mpc-transition  eti eti_arrow_carrot-right\"><\/i><i class=\"mpc-icon-part mpc-hover mpc-transition  eti eti_arrow_carrot-right\"><\/i><\/div><\/div><\/div><span class=\"mpc-list__title\"><a href=\"http:\/\/www.urbanyouthhostel.com\/fr\/que-faire-a-valence\/\">Que faire \u00e0 Valence<\/a><\/span><\/li><li class=\"mpc-list__item mpc-parent-hover mpc-transition\" data-index=\"1\"><div class=\"mpc-list__icon\"><div data-id=\"mpc_icon-2769f4be7bebe47\" class=\"mpc-icon mpc-init mpc-transition mpc-effect-slide-down mpc-icon-hover \"><div class=\"mpc-icon-wrap\"><i class=\"mpc-icon-part mpc-regular mpc-transition  eti eti_arrow_carrot-right\"><\/i><i class=\"mpc-icon-part mpc-hover mpc-transition  eti eti_arrow_carrot-right\"><\/i><\/div><\/div><\/div><span class=\"mpc-list__title\"><a href=\"http:\/\/www.urbanyouthhostel.com\/fr\/valence-transport\/\">Transport<\/a><\/span><\/li><li class=\"mpc-list__item mpc-parent-hover mpc-transition\" data-index=\"2\"><div class=\"mpc-list__icon\"><div data-id=\"mpc_icon-2769f4be7bebe47\" class=\"mpc-icon mpc-init mpc-transition mpc-effect-slide-down mpc-icon-hover \"><div class=\"mpc-icon-wrap\"><i class=\"mpc-icon-part mpc-regular mpc-transition  eti eti_arrow_carrot-right\"><\/i><i class=\"mpc-icon-part mpc-hover mpc-transition  eti eti_arrow_carrot-right\"><\/i><\/div><\/div><\/div><span class=\"mpc-list__title\"><a href=\"http:\/\/www.urbanyouthhostel.com\/fr\/conseils-pour-valence\/\">Conseils pour Valence<\/a><\/span><\/li><li class=\"mpc-list__item mpc-parent-hover mpc-transition\" data-index=\"3\"><div class=\"mpc-list__icon\"><div data-id=\"mpc_icon-2769f4be7bebe47\" class=\"mpc-icon mpc-init mpc-transition mpc-effect-slide-down mpc-icon-hover \"><div class=\"mpc-icon-wrap\"><i class=\"mpc-icon-part mpc-regular mpc-transition  eti eti_arrow_carrot-right\"><\/i><i class=\"mpc-icon-part mpc-hover mpc-transition  eti eti_arrow_carrot-right\"><\/i><\/div><\/div><\/div><span class=\"mpc-list__title\"><a href=\"http:\/\/www.urbanyouthhostel.com\/fr\/voyage-en-espagne\/\">Voyage en Espagne<\/a><\/span><\/li><li class=\"mpc-list__item mpc-parent-hover mpc-transition\" data-index=\"4\"><div class=\"mpc-list__icon\"><div data-id=\"mpc_icon-2769f4be7bebe47\" class=\"mpc-icon mpc-init mpc-transition mpc-effect-slide-down mpc-icon-hover \"><div class=\"mpc-icon-wrap\"><i class=\"mpc-icon-part mpc-regular mpc-transition  eti eti_arrow_carrot-right\"><\/i><i class=\"mpc-icon-part mpc-hover mpc-transition  eti eti_arrow_carrot-right\"><\/i><\/div><\/div><\/div><span class=\"mpc-list__title\"><a href=\"http:\/\/www.urbanyouthhostel.com\/fr\/vie-nocturne-de-valence\/\">Vie nocturne de Valence<\/a><\/span><\/li><\/ul><\/div>[\/vc_column][\/vc_row]<\/p>\n<\/div>","protected":false},"excerpt":{"rendered":"<p>[vc_row full_height=&#8221;yes&#8221; css=&#8221;.vc_custom_1500799458600{margin-bottom: 20px !important;}&#8221;][vc_column width=&#8221;1\/3&#8243; css=&#8221;.vc_custom_1500799342222{background-color: #59abe3 !important;}&#8221;][vc_column_text] Valence est une ville toujours pleine de vie. Il y a plus de 300 jours de&#8230;<\/p>\n","protected":false},"author":1,"featured_media":0,"parent":0,"menu_order":0,"comment_status":"closed","ping_status":"closed","template":"","meta":{"rs_blank_template":"","rs_page_bg_color":"","slide_template_v7":"","footnotes":""},"class_list":["post-11658","page","type-page","status-publish","hentry"],"_links":{"self":[{"href":"https:\/\/www.urbanyouthhostel.com\/fr\/wp-json\/wp\/v2\/pages\/11658","targetHints":{"allow":["GET"]}}],"collection":[{"href":"https:\/\/www.urbanyouthhostel.com\/fr\/wp-json\/wp\/v2\/pages"}],"about":[{"href":"https:\/\/www.urbanyouthhostel.com\/fr\/wp-json\/wp\/v2\/types\/page"}],"author":[{"embeddable":true,"href":"https:\/\/www.urbanyouthhostel.com\/fr\/wp-json\/wp\/v2\/users\/1"}],"replies":[{"embeddable":true,"href":"https:\/\/www.urbanyouthhostel.com\/fr\/wp-json\/wp\/v2\/comments?post=11658"}],"version-history":[{"count":0,"href":"https:\/\/www.urbanyouthhostel.com\/fr\/wp-json\/wp\/v2\/pages\/11658\/revisions"}],"wp:attachment":[{"href":"https:\/\/www.urbanyouthhostel.com\/fr\/wp-json\/wp\/v2\/media?parent=11658"}],"curies":[{"name":"wp","href":"https:\/\/api.w.org\/{rel}","templated":true}]}}