{"id":11598,"date":"2016-06-01T12:14:17","date_gmt":"2016-06-01T12:14:17","guid":{"rendered":"http:\/\/urban.2web.es\/urban-youth-hostel-valencia\/"},"modified":"-0001-11-30T00:00:00","modified_gmt":"-0001-11-29T23:00:00","slug":"urban-youth-hostel-valencia","status":"publish","type":"page","link":"https:\/\/www.urbanyouthhostel.com\/fr\/","title":{"rendered":"Urban Youth Hostel Valencia"},"content":{"rendered":"<div class=\"wpb-content-wrapper\"><p>[vc_row full_width=&#8221;stretch_row_content_no_spaces&#8221; css=&#8221;.vc_custom_1464850017138{margin-bottom: 3% !important;}&#8221;][vc_column][rev_slider_vc alias=&#8221;simple&#8221;][\/vc_column][\/vc_row][vc_row][vc_column][vc_column_text]<\/p>\n<h1 style=\"text-align: center;\">Urban <img decoding=\"async\" src=\"http:\/\/www.urbanyouthhostel.com\/wp-content\/uploads\/2017\/08\/xouth.png\" alt=\"Urban Youth Hostel Valencia\" \/> Hostel<\/h1>\n<h1 style=\"text-align: center;\"><span style=\"color: #333333;\">VALENCIA<\/span><\/h1>\n<p><img decoding=\"async\" class=\"aligncenter wp-image-10548 size-full\" src=\"http:\/\/www.urbanyouthhostel.com\/wp-content\/uploads\/2016\/06\/shadow-divider.png\" alt=\"shadow-divider\" width=\"1918\" height=\"6\" srcset=\"https:\/\/www.urbanyouthhostel.com\/wp-content\/uploads\/2016\/06\/shadow-divider.png 1918w, https:\/\/www.urbanyouthhostel.com\/wp-content\/uploads\/2016\/06\/shadow-divider-300x1.png 300w, https:\/\/www.urbanyouthhostel.com\/wp-content\/uploads\/2016\/06\/shadow-divider-768x2.png 768w, https:\/\/www.urbanyouthhostel.com\/wp-content\/uploads\/2016\/06\/shadow-divider-1024x3.png 1024w\" sizes=\"(max-width: 1918px) 100vw, 1918px\" \/>[\/vc_column_text][vc_column_text]<\/p>\n<h2 style=\"text-align: center;\">An innovative, modern and different hostel. Very close the beach of Valencia, comfortable and affordable.<\/h2>\n<h3 style=\"text-align: center;\">You have not seen anything like this<\/h3>\n<p>[\/vc_column_text][\/vc_column][\/vc_row][vc_row content_placement=&#8221;middle&#8221; css=&#8221;.vc_custom_1459257825433{margin-bottom: 8% !important;}&#8221;][vc_column width=&#8221;1\/3&#8243;]        <link rel=\"stylesheet\" href=\"https:\/\/www.urbanyouthhostel.com\/wp-content\/themes\/xstore\/css\/modules\/banners\/banner.min.css?ver=1.0\" type=\"text\/css\" media=\"all\" \/> \t\t        <link rel=\"stylesheet\" href=\"https:\/\/www.urbanyouthhostel.com\/wp-content\/themes\/xstore\/css\/modules\/banners\/banners-global.min.css?ver=1.0\" type=\"text\/css\" media=\"all\" \/> \t\t        <div id=\"banner-1940\" class=\"banner  cursor-pointer banner-type-2 et_image-with-hover et_image-hover-2 with-diagonal text-left responsive-fonts valign-bottom font-style-light no-titles\" onclick=\"window.location='http:\/\/urban.2web.es\/how-to-get\/'\">\n\n\t\t\t\n\t\t\t\t                <div class=\"banner-content \">\n\n\t\t\t\t\t                    <div class=\"content-inner\">\n\n\t\t\t\t\t\t<\/p>\n<h3 style=\"font-weight: 900; margin-bottom: 0;\">Situation Exceptionnelle<\/h3>\n<p style=\"letter-spacing: 2px; font-weight: 500; margin-bottom: 2px;\"><strong>Situ\u00e9 dans l&#8217;une des avenues les plus importante de Valence, \u00e0 1200 m\u00e8tres de la plage, l&#8217;auberge de jeunesse Urban est tr\u00e8s proche de la Marina, de la Marine royale et de l&#8217;impressionnante Cit\u00e9 des Arts et des Sciences<\/strong>.<\/p>\n<p>\n                    <\/div>\n\t\t\t\t\t        <\/div>\n\n\t\t        <\/div>\n\n\t\t[\/vc_column][vc_column width=&#8221;1\/3&#8243;]        <link rel=\"stylesheet\" href=\"https:\/\/www.urbanyouthhostel.com\/wp-content\/themes\/xstore\/css\/modules\/banners\/banner.min.css?ver=1.0\" type=\"text\/css\" media=\"all\" \/> \t\t        <link rel=\"stylesheet\" href=\"https:\/\/www.urbanyouthhostel.com\/wp-content\/themes\/xstore\/css\/modules\/banners\/banners-global.min.css?ver=1.0\" type=\"text\/css\" media=\"all\" \/> \t\t        <div id=\"banner-2888\" class=\"banner  cursor-pointer banner-type-2 et_image-with-hover et_image-hover-2 text-center responsive-fonts valign-bottom font-style-light no-titles\" onclick=\"window.location='http:\/\/urban.2web.es\/gallery\/'\">\n\n\t\t\t\n\t\t\t\t<img fetchpriority=\"high\" decoding=\"async\" width=\"370\" height=\"328\" src=\"https:\/\/www.urbanyouthhostel.com\/wp-content\/uploads\/xstore\/xstore-placeholder-370x460.png\" style=\"width:  370px; height: 460px;\" data-src=\"https:\/\/www.urbanyouthhostel.com\/wp-content\/uploads\/2016\/06\/Hostel-Valencia-Urban.jpg\" class=\" lazyload lazyload-simple et-lazyload-fadeIn\" alt=\"#UrbanDesign\" src=\"https:\/\/www.urbanyouthhostel.com\/wp-content\/uploads\/xstore\/xstore-placeholder-370x460.png\" style=\"width:  370px; height: 460px;\" data-srcset=\"https:\/\/www.urbanyouthhostel.com\/wp-content\/uploads\/2016\/06\/Hostel-Valencia-Urban.jpg 564w, https:\/\/www.urbanyouthhostel.com\/wp-content\/uploads\/2016\/06\/Hostel-Valencia-Urban-300x266.jpg 300w\" data-sizes=\"(max-width: 370px) 100vw, 370px\" \/>                <div class=\"banner-content \">\n\n\t\t\t\t\t                    <div class=\"content-inner\">\n\n\t\t\t\t\t\t<\/p>\n<p style=\"letter-spacing: 2px; font-weight: 500; margin-bottom: 2px;\"><strong>Sa fa\u00e7ade verte \u00e9l\u00e9gante, qui maintient le design original, refl\u00e8te plus de 100 ans d&#8217;histoire. \u00c0 l&#8217;int\u00e9rieur, c&#8217;est un b\u00e2timent enti\u00e8rement r\u00e9nov\u00e9. Design, confort et service amical sont quelques-unes des valeurs qui nous distinguent.<\/strong><\/p>\n<h3 style=\"font-weight: 900; margin-bottom: 0;\">DESIGN<\/h3>\n<p>\n                    <\/div>\n\t\t\t\t\t        <\/div>\n\n\t\t        <\/div>\n\n\t\t[\/vc_column][vc_column width=&#8221;1\/3&#8243;]        <link rel=\"stylesheet\" href=\"https:\/\/www.urbanyouthhostel.com\/wp-content\/themes\/xstore\/css\/modules\/banners\/banner.min.css?ver=1.0\" type=\"text\/css\" media=\"all\" \/> \t\t        <link rel=\"stylesheet\" href=\"https:\/\/www.urbanyouthhostel.com\/wp-content\/themes\/xstore\/css\/modules\/banners\/banners-global.min.css?ver=1.0\" type=\"text\/css\" media=\"all\" \/> \t\t        <div id=\"banner-5876\" class=\"banner  cursor-pointer banner-type-2 et_image-with-hover et_image-hover-2 text-right responsive-fonts valign-bottom font-style-light no-titles\" onclick=\"window.location='http:\/\/urban.2web.es\/services\/'\">\n\n\t\t\t\n\t\t\t\t<img decoding=\"async\" width=\"370\" height=\"281\" src=\"https:\/\/www.urbanyouthhostel.com\/wp-content\/uploads\/xstore\/xstore-placeholder-370x360.png\" style=\"width: 370px; height: 360px;\" data-src=\"https:\/\/www.urbanyouthhostel.com\/wp-content\/uploads\/2016\/06\/UrbanExperience.jpg\" class=\" lazyload lazyload-simple et-lazyload-fadeIn\" alt=\"#UrbanExperience\" src=\"https:\/\/www.urbanyouthhostel.com\/wp-content\/uploads\/xstore\/xstore-placeholder-370x360.png\" style=\"width: 370px; height: 360px;\" data-srcset=\"https:\/\/www.urbanyouthhostel.com\/wp-content\/uploads\/2016\/06\/UrbanExperience.jpg 600w, https:\/\/www.urbanyouthhostel.com\/wp-content\/uploads\/2016\/06\/UrbanExperience-300x228.jpg 300w\" data-sizes=\"(max-width: 370px) 100vw, 370px\" \/>                <div class=\"banner-content \">\n\n\t\t\t\t\t                    <div class=\"content-inner\">\n\n\t\t\t\t\t\t<\/p>\n<h3 style=\"font-weight: 900; margin-bottom: 0;\">Maximum Comfort<\/h3>\n<p style=\"letter-spacing: 2px; font-weight: 500; margin-bottom: 2px;\">Nous avons des chambres priv\u00e9es et des dortoirs. Toutes les chambres sont ext\u00e9rieures, lumineuses et disposent de la climatisation \/ chauffage. Les chambres priv\u00e9es (doubles) sont compl\u00e8tement meubl\u00e9s de t\u00e9l\u00e9visions et douches priv\u00e9s.<\/p>\n<p>\n                    <\/div>\n\t\t\t\t\t        <\/div>\n\n\t\t        <\/div>\n\n\t\t[vc_empty_space][\/vc_column][\/vc_row][vc_row full_width=&#8221;stretch_row&#8221; equal_height=&#8221;yes&#8221; content_placement=&#8221;middle&#8221; video_bg=&#8221;yes&#8221; video_bg_url=&#8221;https:\/\/www.youtube.com\/watch?v=LmT3kZUgS5E&#8221;][vc_column offset=&#8221;vc_hidden-md vc_hidden-sm vc_hidden-xs&#8221;][vc_empty_space height=&#8221;100px&#8221;]<div id=\"mpc_textblock-7769dbcd6068b2c\" class=\"mpc-textblock mpc-init mpc-typography--mpc_preset_93 \"><h3><span class=\"texto-borde\">We invite you to know Valencia<\/span><\/h3>\n<\/div><div id=\"mpc_textblock-669dbcd6068ba5\" class=\"mpc-textblock mpc-init mpc-typography--mpc_preset_93 \"><h4><span class=\"texto-borde\">URBAN YOUTH HOSTEL INVITES YOU TO KNOW THE CITY OF VALENCIA.<br \/>\nA special city, bathed by the Mediterranean, with a single light and UNFORGETTABLE DINING.<\/span><\/h4>\n<\/div>[vc_row_inner][vc_column_inner width=&#8221;1\/6&#8243;][\/vc_column_inner][vc_column_inner width=&#8221;2\/3&#8243;]<div id=\"mpc_button_set-869dbcd6068be8\" class=\"mpc-button-set mpc-init mpc-fullwidth mpc-style--horizontal \"><a href=\"http:\/\/urban.2web.es\/booking-lightbox\/\" title=\"\"  class=\"mpc-lightbox mpc-init mpc-transition mpc-magnific-popup \"><div data-id=\"mpc_button-1169dbcd6068c8a\" class=\"mpc-button mpc-init mpc-transition mpc-typography--mpc_preset_17 \" ><div class=\"mpc-button__content mpc-effect-type--none mpc-effect-side--none\"><span class=\"mpc-button__title mpc-transition\">BOOKING<\/span><\/div><div class=\"mpc-button__background mpc-transition mpc-effect-type--expand mpc-effect-side--vertical\"><\/div><\/div><\/a><span class=\"mpc-button-separator-wrap\"><span class=\"mpc-button-separator-box\"><span class=\"mpc-button-separator  eti eti_heart_alt\"><\/span><\/span><\/span><a href=\"http:\/\/urban.2web.es\/booking-lightbox\/groups-lightbox\/\" title=\"\"  class=\"mpc-lightbox mpc-init mpc-transition mpc-magnific-popup \"><div data-id=\"mpc_button-9569dbcd6068cef\" class=\"mpc-button mpc-init mpc-transition mpc-typography--mpc_preset_17 \" ><div class=\"mpc-button__content mpc-effect-type--none mpc-effect-side--none\"><span class=\"mpc-button__title mpc-transition\">GROUPS<\/span><\/div><div class=\"mpc-button__background mpc-transition mpc-effect-type--expand mpc-effect-side--vertical\"><\/div><\/div><\/a><span class=\"mpc-button-separator-wrap\"><span class=\"mpc-button-separator-box\"><span class=\"mpc-button-separator  eti eti_heart_alt\"><\/span><\/span><\/span><\/div>[\/vc_column_inner][vc_column_inner width=&#8221;1\/6&#8243;][\/vc_column_inner][\/vc_row_inner][vc_empty_space height=&#8221;300px&#8221;][\/vc_column][\/vc_row][vc_row full_width=&#8221;stretch_row&#8221; full_height=&#8221;yes&#8221; parallax_speed_bg=&#8221;&#8221; fixed_background=&#8221;center&#8221; preset=&#8221;mpc_preset_52&#8243; content_preset=&#8221;_mpc_preset_52&#8243; parallax=&#8221;content-moving&#8221; css=&#8221;.vc_custom_1497808318003{margin-top: -50px !important;padding-top: 3vw !important;padding-bottom: 5vw !important;background-image: url(http:\/\/www.urbanyouthhostel.com\/wp-content\/uploads\/2016\/06\/2_bg.jpg?id=10794) !important;background-position: center !important;background-repeat: no-repeat !important;background-size: cover !important;}&#8221;][vc_column][vc_row_inner][vc_column_inner width=&#8221;1\/4&#8243;][\/vc_column_inner][vc_column_inner width=&#8221;1\/2&#8243;][vc_single_image image=&#8221;10826&#8243; img_size=&#8221;full&#8221; alignment=&#8221;center&#8221;][\/vc_column_inner][vc_column_inner width=&#8221;1\/4&#8243;][\/vc_column_inner][\/vc_row_inner][vc_custom_heading text=&#8221;WHY OUR FOOD IS SO DAMN GOOD&#8221; font_container=&#8221;tag:h2|font_size:48px|text_align:center|color:%23e9e9e9|line_height:1.25&#8243; google_fonts=&#8221;font_family:Oswald%3A300%2Cregular%2C700|font_style:700%20bold%20regular%3A700%3Anormal&#8221; css=&#8221;.vc_custom_1497858035533{margin-top: 0px !important;margin-right: 0px !important;margin-bottom: 0px !important;margin-left: 0px !important;}&#8221;][vc_empty_space height=&#8221;80px&#8221; css=&#8221;.vc_custom_1446544501501{margin-bottom: 0px !important;}&#8221;][vc_row_inner equal_height=&#8221;yes&#8221; css=&#8221;.vc_custom_1450283179522{margin-top: 0px !important;margin-bottom: 0px !important;}&#8221;][vc_column_inner width=&#8221;1\/3&#8243; animation_in_type=&#8221;transition.shrinkIn&#8221; animation_in_offset=&#8221;80&#8243; animation_in_duration=&#8221;1100&#8243; animation_in_delay=&#8221;0&#8243; css=&#8221;.vc_custom_1497806913244{margin-bottom: 50px !important;}&#8221;]<div data-id=\"mpc_icon_column-8269dbcd6068d51\" class=\"mpc-icon-column mpc-init mpc-parent-hover mpc-transition mpc-icon-column--style_1 mpc-align--center \" ><div data-id=\"mpc_icon-3069dbcd606911d\" class=\"mpc-icon mpc-init mpc-transition mpc-effect-none mpc-icon--image \"><div class=\"mpc-icon-wrap\"><i class=\"mpc-icon-part mpc-regular mpc-transition \"><img loading=\"lazy\" decoding=\"async\" class=\"\" src=\"https:\/\/www.urbanyouthhostel.com\/wp-content\/uploads\/2016\/06\/urban-youht-hostel-breakfast-200x200.jpg\" width=\"200\" height=\"200\" alt=\"urban-youht-hostel-breakfast\" title=\"urban-youht-hostel-breakfast\" \/><\/i><\/div><\/div><div class=\"mpc-icon-column__content-wrap\"><div class=\"mpc-icon-column__content\"><h3 class=\"mpc-icon-column__heading mpc-transition\">#UrbanBreakfast<\/h3><div class=\"mpc-icon-column__description mpc-transition\"><p style=\"text-align: center;\">Start your day with our breakfast<\/p>\n<\/div><\/div><\/div><\/div>[\/vc_column_inner][vc_column_inner width=&#8221;1\/3&#8243; animation_in_type=&#8221;transition.shrinkIn&#8221; animation_in_offset=&#8221;80&#8243; animation_in_duration=&#8221;1100&#8243; animation_in_delay=&#8221;100&#8243; css=&#8221;.vc_custom_1497806920715{margin-bottom: 50px !important;}&#8221;]<div data-id=\"mpc_icon_column-4769dbcd60691aa\" class=\"mpc-icon-column mpc-init mpc-parent-hover mpc-transition mpc-icon-column--style_1 mpc-align--center \" ><div data-id=\"mpc_icon-8569dbcd6069547\" class=\"mpc-icon mpc-init mpc-transition mpc-effect-none mpc-icon--image \"><div class=\"mpc-icon-wrap\"><i class=\"mpc-icon-part mpc-regular mpc-transition \"><img loading=\"lazy\" decoding=\"async\" class=\"\" src=\"https:\/\/www.urbanyouthhostel.com\/wp-content\/uploads\/2016\/06\/urban-youht-hostel-lunch-200x200.jpg\" width=\"200\" height=\"200\" alt=\"urban-youht-hostel-lunch\" title=\"urban-youht-hostel-lunch\" \/><\/i><\/div><\/div><div class=\"mpc-icon-column__content-wrap\"><div class=\"mpc-icon-column__content\"><h3 class=\"mpc-icon-column__heading mpc-typography--mpc_preset_92 mpc-transition\">#UrbanLunch<\/h3><div class=\"mpc-icon-column__description mpc-typography--mpc_preset_92 mpc-transition\"><p style=\"text-align: center;\">Try our <strong>daily menu<\/strong> from Monday to Friday for only <strong>\u20ac 9.95<\/strong><\/p>\n<\/div><\/div><\/div><\/div>[\/vc_column_inner][vc_column_inner width=&#8221;1\/3&#8243; animation_in_type=&#8221;transition.shrinkIn&#8221; animation_in_offset=&#8221;80&#8243; animation_in_duration=&#8221;1100&#8243; animation_in_delay=&#8221;200&#8243; css=&#8221;.vc_custom_1497806925980{margin-bottom: 50px !important;}&#8221;]<div data-id=\"mpc_icon_column-8769dbcd60695b3\" class=\"mpc-icon-column mpc-init mpc-parent-hover mpc-transition mpc-icon-column--style_1 mpc-align--center \" ><div data-id=\"mpc_icon-8669dbcd60698cb\" class=\"mpc-icon mpc-init mpc-transition mpc-effect-none mpc-icon--image \"><div class=\"mpc-icon-wrap\"><i class=\"mpc-icon-part mpc-regular mpc-transition \"><img loading=\"lazy\" decoding=\"async\" class=\"\" src=\"https:\/\/www.urbanyouthhostel.com\/wp-content\/uploads\/2016\/06\/urban-youht-hostel-dinner-200x200.jpg\" width=\"200\" height=\"200\" alt=\"urban-youht-hostel-dinner\" title=\"urban-youht-hostel-dinner\" \/><\/i><\/div><\/div><div class=\"mpc-icon-column__content-wrap\"><div class=\"mpc-icon-column__content\"><h3 class=\"mpc-icon-column__heading mpc-typography--mpc_preset_92 mpc-transition\">#UrbanDinner<\/h3><div class=\"mpc-icon-column__description mpc-transition\"><p style=\"text-align: center;\">We organize events, birthdays and farewells with very <strong>affordable and personalized menus<\/strong> Ask us!<\/p>\n<\/div><\/div><\/div><\/div>[\/vc_column_inner][\/vc_row_inner][\/vc_column][\/vc_row][vc_row full_width=&#8221;stretch_row&#8221; parallax_speed_bg=&#8221;2.7&#8243; parallax=&#8221;content-moving&#8221; css=&#8221;.vc_custom_1548409135138{margin-bottom: -90px !important;padding-top: 3vw !important;padding-bottom: 5vw !important;background-color: #5562a0 !important;background-position: center !important;background-repeat: no-repeat !important;background-size: cover !important;}&#8221;][vc_column][vc_custom_heading text=&#8221;TESTIMONIALS 100% REAL&#8221; font_container=&#8221;tag:h4|font_size:38px|text_align:left|color:%23cfdd00|line_height:1.1&#8243; use_theme_fonts=&#8221;yes&#8221;]\n<div class=\"swiper-entry testimonials-slider\"><div id=\"owl-testimonials\" class=\"swiper-container  testimonials-color-light testimonials-col-2 stop-on-hover testimonials\" data-autoplay=\"4000\"> \n<div class=\"swiper-wrapper\">\n<div id=\"quote-12435\" class=\"item swiper-slide quote first\"><div class=\"testimonial-slider-item\"><div class=\"testimonial-info\"> <a class=\"avatar-link\"><img loading=\"lazy\" decoding=\"async\" width=\"150\" height=\"150\" src=\"https:\/\/www.urbanyouthhostel.com\/wp-content\/uploads\/xstore\/xstore-placeholder-1x1.png\" class=\"attachment-thumbnail size-thumbnail lazyload lazyload-simple et-lazyload-fadeIn wp-post-image\" alt=\"\" sizes=\"(max-width: 150px) 100vw, 150px\" data-src=\"https:\/\/www.urbanyouthhostel.com\/wp-content\/uploads\/2016\/04\/247454a990efac1952e44dddbf30c58677aa0fd8-150x150.png\" data-srcset=\"https:\/\/www.urbanyouthhostel.com\/wp-content\/uploads\/2016\/04\/247454a990efac1952e44dddbf30c58677aa0fd8-150x150.png 150w, https:\/\/www.urbanyouthhostel.com\/wp-content\/uploads\/2016\/04\/247454a990efac1952e44dddbf30c58677aa0fd8.png 151w\" \/><\/a> <div class=\"testimonial-author\"><cite class=\"author\"><span class=\"author-name\">Bashaer<\/span> <span class=\"excerpt\">UNITED KINGDOM<\/span><!--\/.excerpt-->\n<\/cite><!--\/.author-->\n<\/div><\/div> <blockquote class=\"testimonials-text\">[vc_row][vc_column width=\"5\/6\"][vc_column_text]\r\n<h3><span style=\"color: #ffffff;\">Don't miss it!<\/span><\/h3>\r\n<h4><strong><span style=\"color: #ffffff;\">Really great place. Is the best hostel so far. I stayed in famale room, the room was so big and clean. Great facilities. Really wish to stay more. Highly recommend.<\/span><\/strong><\/h4>\r\n[\/vc_column_text][\/vc_column][vc_column width=\"1\/6\"]<div id=\"mpc_dropcap-7369dbcd606a821\" class=\"mpc-dropcap mpc-init mpc-typography--mpc_preset_16 \">9,6<\/div>[\/vc_column][\/vc_row]<\/blockquote> <div class=\"clear\"><\/div><\/div><\/div><div id=\"quote-12444\" class=\"item swiper-slide quote\"><div class=\"testimonial-slider-item\"><div class=\"testimonial-info\"> <a class=\"avatar-link\"><img loading=\"lazy\" decoding=\"async\" width=\"150\" height=\"150\" src=\"https:\/\/www.urbanyouthhostel.com\/wp-content\/uploads\/xstore\/xstore-placeholder-1x1.png\" class=\"attachment-thumbnail size-thumbnail lazyload lazyload-simple et-lazyload-fadeIn wp-post-image\" alt=\"\" sizes=\"(max-width: 150px) 100vw, 150px\" data-src=\"https:\/\/www.urbanyouthhostel.com\/wp-content\/uploads\/2016\/04\/247454a990efac1952e44dddbf30c58677aa0fd8-150x150.png\" data-srcset=\"https:\/\/www.urbanyouthhostel.com\/wp-content\/uploads\/2016\/04\/247454a990efac1952e44dddbf30c58677aa0fd8-150x150.png 150w, https:\/\/www.urbanyouthhostel.com\/wp-content\/uploads\/2016\/04\/247454a990efac1952e44dddbf30c58677aa0fd8.png 151w\" \/><\/a> <div class=\"testimonial-author\"><cite class=\"author\"><span class=\"author-name\">Zuzu<\/span> <span class=\"excerpt\">GERMANY<\/span><!--\/.excerpt-->\n<\/cite><!--\/.author-->\n<\/div><\/div> <blockquote class=\"testimonials-text\">[vc_row][vc_column width=\"5\/6\"][vc_column_text]\r\n<h3><span style=\"color: #ffffff;\">100% worth it! BEST HOSTEL EVER!<\/span><\/h3>\r\n<h4><strong><span style=\"color: #ffffff;\">It was just amazing! Best hostel I've ever stayed in. Very beautiful and practical. 10 min away from Centro de las Artes y Cultura and the beach!! The BEST part, you get a watch-like key for the room and the locker (free of charge) AAAAND the beds in the communal room have blinds, so you can sleep without being disturbed!!!\r\nWILL ABSOLUTELY recommend it and stay here the next time I visit!<\/span><\/strong><\/h4>\r\n[\/vc_column_text][\/vc_column][vc_column width=\"1\/6\"]<div id=\"mpc_dropcap-7669dbcd606a97f\" class=\"mpc-dropcap mpc-init mpc-typography--mpc_preset_16 \">9,6<\/div>[\/vc_column][\/vc_row]<\/blockquote> <div class=\"clear\"><\/div><\/div><\/div><div id=\"quote-12454\" class=\"item swiper-slide quote last\"><div class=\"testimonial-slider-item\"><div class=\"testimonial-info\"> <a class=\"avatar-link\"><img loading=\"lazy\" decoding=\"async\" width=\"150\" height=\"150\" src=\"https:\/\/www.urbanyouthhostel.com\/wp-content\/uploads\/xstore\/xstore-placeholder-1x1.png\" class=\"attachment-thumbnail size-thumbnail lazyload lazyload-simple et-lazyload-fadeIn wp-post-image\" alt=\"\" sizes=\"(max-width: 150px) 100vw, 150px\" data-src=\"https:\/\/www.urbanyouthhostel.com\/wp-content\/uploads\/2016\/04\/247454a990efac1952e44dddbf30c58677aa0fd8-150x150.png\" data-srcset=\"https:\/\/www.urbanyouthhostel.com\/wp-content\/uploads\/2016\/04\/247454a990efac1952e44dddbf30c58677aa0fd8-150x150.png 150w, https:\/\/www.urbanyouthhostel.com\/wp-content\/uploads\/2016\/04\/247454a990efac1952e44dddbf30c58677aa0fd8.png 151w\" \/><\/a> <div class=\"testimonial-author\"><cite class=\"author\"><span class=\"author-name\">Rafael<\/span> <span class=\"excerpt\">SPAIN<\/span><!--\/.excerpt-->\n<\/cite><!--\/.author-->\n<\/div><\/div> <blockquote class=\"testimonials-text\">[vc_row][vc_column width=\"5\/6\"][vc_column_text]\r\n<h3><span style=\"color: #ffffff;\">Excepcional<\/span><\/h3>\r\n<h4><strong><span style=\"color: #ffffff;\">La habitaci\u00f3n doble era sencilla pero MUY practica. Los servicios del establecimiento impecables. La cocina comunitaria es un recurso que no sab\u00eda ni que existiera pero me pareci\u00f3 genial y estaba muy limpia y bien cuidada. Y tener lavadora y secadora s\u00faper grande por 7\u20ac un extra muy practico. Gracias. Repetir\u00e9<\/span><\/strong><\/h4>\r\n[\/vc_column_text][\/vc_column][vc_column width=\"1\/6\"]<div id=\"mpc_dropcap-2269dbcd606aabf\" class=\"mpc-dropcap mpc-init mpc-typography--mpc_preset_16 \">9,6<\/div>[\/vc_column][\/vc_row]<\/blockquote> <div class=\"clear\"><\/div><\/div><\/div><\/div><!--\/.testimonials wrapper-->\n<div class=\"swiper-pagination\"><\/div>\n<\/div><!--\/.testimonials container-->\n<div class=\"swiper-custom-left swiper-nav\"><\/div><div class=\"swiper-custom-right swiper-nav\"><\/div><\/div><!--\/.testimonials wrapper entry -->\n\n[\/vc_column][\/vc_row]<\/p>\n<\/div>","protected":false},"excerpt":{"rendered":"<p>[vc_row full_width=&#8221;stretch_row_content_no_spaces&#8221; css=&#8221;.vc_custom_1464850017138{margin-bottom: 3% !important;}&#8221;][vc_column][rev_slider_vc alias=&#8221;simple&#8221;][\/vc_column][\/vc_row][vc_row][vc_column][vc_column_text] Urban Hostel VALENCIA [\/vc_column_text][vc_column_text] An innovative, modern and different hostel. Very close the beach of Valencia, comfortable and affordable&#8230;.<\/p>\n","protected":false},"author":1,"featured_media":0,"parent":0,"menu_order":0,"comment_status":"closed","ping_status":"closed","template":"","meta":{"rs_blank_template":"","rs_page_bg_color":"","slide_template_v7":"","footnotes":""},"class_list":["post-11598","page","type-page","status-publish","hentry"],"_links":{"self":[{"href":"https:\/\/www.urbanyouthhostel.com\/fr\/wp-json\/wp\/v2\/pages\/11598","targetHints":{"allow":["GET"]}}],"collection":[{"href":"https:\/\/www.urbanyouthhostel.com\/fr\/wp-json\/wp\/v2\/pages"}],"about":[{"href":"https:\/\/www.urbanyouthhostel.com\/fr\/wp-json\/wp\/v2\/types\/page"}],"author":[{"embeddable":true,"href":"https:\/\/www.urbanyouthhostel.com\/fr\/wp-json\/wp\/v2\/users\/1"}],"replies":[{"embeddable":true,"href":"https:\/\/www.urbanyouthhostel.com\/fr\/wp-json\/wp\/v2\/comments?post=11598"}],"version-history":[{"count":0,"href":"https:\/\/www.urbanyouthhostel.com\/fr\/wp-json\/wp\/v2\/pages\/11598\/revisions"}],"wp:attachment":[{"href":"https:\/\/www.urbanyouthhostel.com\/fr\/wp-json\/wp\/v2\/media?parent=11598"}],"curies":[{"name":"wp","href":"https:\/\/api.w.org\/{rel}","templated":true}]}}