{"id":11580,"date":"2017-06-16T14:58:33","date_gmt":"2017-06-16T13:58:33","guid":{"rendered":"http:\/\/urban.2web.es\/booking\/"},"modified":"2024-04-09T12:20:44","modified_gmt":"2024-04-09T11:20:44","slug":"reservations","status":"publish","type":"page","link":"https:\/\/www.urbanyouthhostel.com\/fr\/reservations\/","title":{"rendered":"R\u00e9servations"},"content":{"rendered":"<div class=\"wpb-content-wrapper\"><p>[vc_row][vc_column][vc_empty_space][vc_column_text]<\/p>\n<h2 style=\"text-align: center;\">FAITES UNE R\u00c9SERVATION \u00c0 URBAN YOUTH HOSTEL VALENCIA<\/h2>\n<div class=\"clearboth\" style=\"text-align: center;\">\u00a0R\u00e9serv\u00e9 aux conditions g\u00e9n\u00e9rales de r\u00e9servation. Choisissez une donn\u00e9e de votre s\u00e9jour et nombre de personnes. Les h\u00f4tels sont disponibles en ligne.<\/div>\n<div class=\"mk-text-block \">\n<p style=\"text-align: center;\"><span style=\"font-weight: 400;\">Ses quelques dizaines de questions, vous pouvez egalement entrer en contact connosco par mail e-mail<\/span>\u00a0<strong><a title=\"Escribir a YOUTH URBAN HOSTEL\" href=\"mailto:info@urbanyouthhostel.com\">info@urbanyouthhostel.com<\/a><\/strong>, <span style=\"font-weight: 400;\">ou \u00e0 l&#8217;aide d&#8217;une demande<\/span> <strong>+34 96 321 21 29<\/strong><\/p>\n<\/div>\n<p>[\/vc_column_text][\/vc_column][\/vc_row][vc_row][vc_column width=&#8221;1\/2&#8243; css=&#8221;.vc_custom_1497691967903{background-color: #f3f3f3 !important;}&#8221;][vc_column_text]<\/p>\n<div id=\"booking-form\" style=\"text-align: center;\">\t\t<div data-elementor-type=\"section\" data-elementor-id=\"14736\" class=\"elementor elementor-14736\" data-elementor-post-type=\"elementor_library\">\n\t\t\t<div class=\"elementor-element elementor-element-7be3a45 e-flex e-con-boxed e-con e-parent\" data-id=\"7be3a45\" data-element_type=\"container\" data-e-type=\"container\">\n\t\t\t\t\t<div class=\"e-con-inner\">\n\t\t\t\t<div class=\"elementor-element elementor-element-4e60d24 elementor-align-center elementor-widget__width-auto elementor-widget-mobile__width-initial fdm-bookingengine-startbtn etheme-elementor-widget-loaded elementor-widget elementor-widget-button\" data-id=\"4e60d24\" data-element_type=\"widget\" data-e-type=\"widget\" data-widget_type=\"button.default\">\n\t\t\t\t<div class=\"elementor-widget-container\">\n\t\t\t\t\t\t\t\t\t<div class=\"elementor-button-wrapper\">\n\t\t\t\t\t<a class=\"elementor-button elementor-button-link elementor-size-sm\" href=\"#\">\n\t\t\t\t\t\t<span class=\"elementor-button-content-wrapper\">\n\t\t\t\t\t\t\t\t\t<span class=\"elementor-button-text\">BOOKING<\/span>\n\t\t\t\t\t<\/span>\n\t\t\t\t\t<\/a>\n\t\t\t\t<\/div>\n\t\t\t\t\t\t\t\t<\/div>\n\t\t\t\t<\/div>\n\t\t\t\t\t<\/div>\n\t\t\t\t<\/div>\n\t\t\t\t<\/div>\n\t\t<br \/>\n<span style=\"color: #000000;\"><strong>Check-in: 3pm &#8211; \u00a0Check-out: 11am<\/strong><\/span><\/div>\n<div><\/div>\n<p>[\/vc_column_text][vc_separator][vc_column_text css=&#8221;.vc_custom_1500628916511{margin-bottom: 0px !important;}&#8221;]<\/p>\n<h3 style=\"text-align: center;\">Vous venez en groupe?<\/h3>\n<h4 style=\"text-align: center;\">Nous avons des Prix cass\u00e9s pour vous et vos amis!<\/h4>\n<p style=\"text-align: center;\"><em>*Nous avons aussi des formules de repas AD, MP, YPC, 100% locaux.<\/em><\/p>\n<p>[\/vc_column_text][vc_row_inner css=&#8221;.vc_custom_1497692319263{margin-top: 0px !important;}&#8221;][vc_column_inner width=&#8221;1\/6&#8243;][\/vc_column_inner][vc_column_inner width=&#8221;2\/3&#8243; css=&#8221;.vc_custom_1497692372293{margin-top: 0px !important;}&#8221;]<a href=\"http:\/\/urbanyouthhostel.com\/booking\/groups\/\" title=\"\"  data-id=\"mpc_button-8869d05a8266ec7\" class=\"mpc-button mpc-init mpc-transition mpc-typography--mpc_preset_10 mpc-display--block \" ><div class=\"mpc-button__content mpc-effect-type--none mpc-effect-side--none\"><span class=\"mpc-button__title mpc-transition\">R\u00c9SERVEZ GROUPES<\/span><\/div><div class=\"mpc-button__background mpc-transition mpc-effect-type--slide mpc-effect-side--right\"><\/div><\/a>[\/vc_column_inner][vc_column_inner width=&#8221;1\/6&#8243;][\/vc_column_inner][\/vc_row_inner][vc_empty_space][\/vc_column][vc_column width=&#8221;1\/2&#8243;][vc_empty_space height=&#8221;20px&#8221;][vc_column_text]<\/p>\n<div class=\"mk-text-block \">\n<h3>Ce qui est inclus dans le prix de la chambre?<\/h3>\n<p>&nbsp;<\/p>\n<\/div>\n<div id=\"list-style-5944f26035b6a\" class=\"mk-list-styles mk-shortcode mk-align-none \">\n<ul>\n<li><span style=\"font-weight: 400;\"> Les draps<\/span><\/li>\n<li><span style=\"font-weight: 400;\"> S\u00e8che-cheveux (a la reception)<\/span><\/li>\n<li><span style=\"font-weight: 400;\"> F\u00e8r et planche a repasser<\/span><\/li>\n<li><span style=\"font-weight: 400;\"> casier personnel<\/span><\/li>\n<li><span style=\"font-weight: 400;\"> WIFI partout \u00e1 l\u2019auberge<\/span><\/li>\n<li><span style=\"font-weight: 400;\"> Salon avec TV<\/span><\/li>\n<li><span style=\"font-weight: 400;\"> Climatisation et chauffage<\/span><\/li>\n<li><span style=\"font-weight: 400;\"> Cuisne et salle \u00e0 manger<\/span><\/li>\n<li><span style=\"font-weight: 400;\"> * service de baggage<\/span><\/li>\n<li><span style=\"font-weight: 400;\"> *serviettes<\/span><\/li>\n<\/ul>\n<\/div>\n<p>[\/vc_column_text][\/vc_column][\/vc_row][vc_row][vc_column][vc_empty_space][\/vc_column][\/vc_row][vc_row][vc_column][vc_column_text]<\/p>\n<h3><em>Politique d\u2019anulation<\/em><\/h3>\n<p>Cette etablissement a une politique d\u2019anulation de deux jours. Si l\u2019anulation n\u2019est pas effectu\u00e9e dans ce d\u00e9lai, la totalit\u00e9 de la Somme de la nuit que vous aviez prevue de passer ici vous sera charg\u00e9e.<\/p>\n<p><span style=\"font-weight: 400;\">Ici vous pouvez voir toutes nos conditions d\u2019annulation.<\/span>[\/vc_column_text][\/vc_column][\/vc_row]<\/p>\n<\/div>","protected":false},"excerpt":{"rendered":"<p>[vc_row][vc_column][vc_empty_space][vc_column_text] FAITES UNE R\u00c9SERVATION \u00c0 URBAN YOUTH HOSTEL VALENCIA \u00a0R\u00e9serv\u00e9 aux conditions g\u00e9n\u00e9rales de r\u00e9servation. Choisissez une donn\u00e9e de votre s\u00e9jour et nombre de personnes&#8230;.<\/p>\n","protected":false},"author":1,"featured_media":0,"parent":0,"menu_order":0,"comment_status":"closed","ping_status":"closed","template":"","meta":{"rs_blank_template":"","rs_page_bg_color":"","slide_template_v7":"","footnotes":""},"class_list":["post-11580","page","type-page","status-publish","hentry"],"_links":{"self":[{"href":"https:\/\/www.urbanyouthhostel.com\/fr\/wp-json\/wp\/v2\/pages\/11580","targetHints":{"allow":["GET"]}}],"collection":[{"href":"https:\/\/www.urbanyouthhostel.com\/fr\/wp-json\/wp\/v2\/pages"}],"about":[{"href":"https:\/\/www.urbanyouthhostel.com\/fr\/wp-json\/wp\/v2\/types\/page"}],"author":[{"embeddable":true,"href":"https:\/\/www.urbanyouthhostel.com\/fr\/wp-json\/wp\/v2\/users\/1"}],"replies":[{"embeddable":true,"href":"https:\/\/www.urbanyouthhostel.com\/fr\/wp-json\/wp\/v2\/comments?post=11580"}],"version-history":[{"count":2,"href":"https:\/\/www.urbanyouthhostel.com\/fr\/wp-json\/wp\/v2\/pages\/11580\/revisions"}],"predecessor-version":[{"id":14803,"href":"https:\/\/www.urbanyouthhostel.com\/fr\/wp-json\/wp\/v2\/pages\/11580\/revisions\/14803"}],"wp:attachment":[{"href":"https:\/\/www.urbanyouthhostel.com\/fr\/wp-json\/wp\/v2\/media?parent=11580"}],"curies":[{"name":"wp","href":"https:\/\/api.w.org\/{rel}","templated":true}]}}