{"id":11507,"date":"2017-06-16T15:02:02","date_gmt":"2017-06-16T14:02:02","guid":{"rendered":"http:\/\/urban.2web.es\/how-to-get\/"},"modified":"-0001-11-30T00:00:00","modified_gmt":"-0001-11-29T23:00:00","slug":"comment-arriver","status":"publish","type":"page","link":"https:\/\/www.urbanyouthhostel.com\/fr\/comment-arriver\/","title":{"rendered":"Comment arriver"},"content":{"rendered":"<div class=\"wpb-content-wrapper\"><p>[vc_row][vc_column][vc_empty_space][vc_column_text]<\/p>\n<h2 style=\"text-align: center;\">Un itineraire simple et rapide en covenance de toutes les directions<\/h2>\n<p>[\/vc_column_text][et_tabs el_class=&#8221;sushi-menu-tabs&#8221;][et_tab tab_id=&#8221;1497688888335-956c78a7-8534&#8243; img=&#8221;10120&#8243; title=&#8221;AEROPORT&#8221; img_size=&#8221;200&#215;133&#8243;][vc_row_inner][vc_column_inner width=&#8221;1\/2&#8243;][vc_column_text][vc_gmaps link=&#8221;#E-8_JTNDaWZyYW1lJTIwc3JjJTNEJTIyaHR0cHMlM0ElMkYlMkZ3d3cuZ29vZ2xlLmNvbSUyRm1hcHMlMkZlbWJlZCUzRnBiJTNEJTIxMW0yOCUyMTFtMTIlMjExbTMlMjExZDk4NTQ4Ljg1MDA3MjM2ODIyJTIxMmQtMC40NzY1MTU4NTA5Nzk5MzI3NiUyMTNkMzkuNDc3MTk5NjU3NjMzMjklMjEybTMlMjExZjAlMjEyZjAlMjEzZjAlMjEzbTIlMjExaTEwMjQlMjEyaTc2OCUyMTRmMTMuMSUyMTRtMTMlMjEzZTMlMjE0bTUlMjExczB4ZDYwNWE5ZjYwY2M1YTY3JTI1M0EweDRjYzJiN2ZmYWFiMTAxODIlMjEyc0Flcm9wdWVydG8lMkJkZSUyQlZhbGVuY2lhJTI1MkMlMkJDYXJyZXRlcmElMkJkZWwlMkJBZXJvcHVlcnRvJTI1MkMlMkJzJTI1MkZuJTI1MkMlMkI0Njk0MCUyQk1hbmlzZXMlMjUyQyUyQlZhbGVuY2lhJTIxM20yJTIxMWQzOS40ODkyMzMlMjEyZC0wLjQ3ODAyNTk5OTk5OTk5OTk1JTIxNG01JTIxMXMweGQ2MDQ4ZjVmMjlkY2Q5NSUyNTNBMHhkYzVlNzc2ZmYzMDFmYWFlJTIxMnNBdmluZ3VkYSUyQmRlbCUyQlBvcnQlMjUyQyUyQjI4MCUyNTJDJTJCNDYwMjQlMkJWYWwlMjVDMyUyNUE4bmNpYSUyNTJDJTJCVmFsZW5jaWElMjEzbTIlMjExZDM5LjQ2MTI2Mjk5OTk5OTk5NSUyMTJkLTAuMzM3NzY4NDk5OTk5OTk5OTclMjE1ZTAlMjEzbTIlMjExc2VzJTIxMnNlcyUyMTR2MTQzMzg2MjU2ODIzNSUyMiUyMHdpZHRoJTNEJTIyNjAwJTIyJTIwaGVpZ2h0JTNEJTIyNDUwJTIyJTIwZnJhbWVib3JkZXIlM0QlMjIwJTIyJTIwc3R5bGUlM0QlMjJib3JkZXIlM0EwJTIyJTNFJTNDJTJGaWZyYW1lJTNF&#8221;][\/vc_column_text][\/vc_column_inner][vc_column_inner width=&#8221;1\/2&#8243;][vc_custom_heading text=&#8221;De l&#8217;aeroport internationale de Valence&#8221; font_container=&#8221;tag:h3|font_size:24px|text_align:left|color:%231c1a19|line_height:30px&#8221; google_fonts=&#8221;font_family:Lato%3A100%2C100italic%2C300%2C300italic%2Cregular%2Citalic%2C700%2C700italic%2C900%2C900italic|font_style:900%20bold%20regular%3A900%3Anormal&#8221; css=&#8221;.vc_custom_1500567383050{margin-bottom: 20px !important;border-bottom-width: 2px !important;border-bottom-color: #75cdde !important;border-bottom-style: solid !important;}&#8221;][vc_column_text css=&#8221;.vc_custom_1500567441813{margin-bottom: 0px !important;}&#8221;]<\/p>\n<h4>De l&#8217;aeroport internationale de Valence (30&#8242;)<\/h4>\n<ul>\n<li><span style=\"font-weight: 400;\">Prendre le metro de l\u2019aeroport ligne 5 (vert, vers Maeitim serrer\u00eda) et descendre a l`arret de Maritim serrer\u00eda, ensuite aller vers le sud et traverser carrer de la fusta \u00a0pour aller a carrer de jeroni de Motrorui . Poursuivre sur cette voie jusqu\u2019a la avenida des puerto.<\/span><\/li>\n<\/ul>\n<p>[\/vc_column_text][\/vc_column_inner][\/vc_row_inner][\/et_tab][et_tab tab_id=&#8221;1496488474497-9806b45c-7ee4&#8243; img=&#8221;10128&#8243; title=&#8221;GARE&#8221; img_size=&#8221;200&#215;133&#8243;][vc_row_inner][vc_column_inner width=&#8221;1\/2&#8243;][vc_column_text][vc_gmaps link=&#8221;#E-8_JTNDaWZyYW1lJTIwc3JjJTNEJTIyaHR0cHMlM0ElMkYlMkZ3d3cuZ29vZ2xlLmNvbSUyRm1hcHMlMkZlbWJlZCUzRnBiJTNEJTIxMW0yOCUyMTFtMTIlMjExbTMlMjExZDI0NjQxLjI1MTY5OTU3NTE5JTIxMmQtMC4zNzU3MTM2NjI4ODY3NyUyMTNkMzkuNDY1NzkzODg4MTMwNzMlMjEybTMlMjExZjAlMjEyZjAlMjEzZjAlMjEzbTIlMjExaTEwMjQlMjEyaTc2OCUyMTRmMTMuMSUyMTRtMTMlMjEzZTMlMjE0bTUlMjExczB4ZDYwNGY0YWY2MDNkNGNiJTI1M0EweDVkZTU2OWRmYjdmMTU2ZWUlMjEyelJYTjBZV05wdzdJZ1RtOXlaQ3dnUTJGc2JHVWdXTU9nZEdsMllTd2dic0s2TWpRc0lEUTJNREEzSUZaaGJHVnVZMmxoJTIxM20yJTIxMWQzOS40NjU4MyUyMTJkLTAuMzc3NDk5JTIxNG01JTIxMXMweGQ2MDQ4ZjVmMjlkY2Q5NSUyNTNBMHhkYzVlNzc2ZmYzMDFmYWFlJTIxMnNBdmluZ3VkYSUyQmRlbCUyQlBvcnQlMjUyQyUyQjI4MCUyNTJDJTJCNDYwMjQlMkJWYWwlMjVDMyUyNUE4bmNpYSUyNTJDJTJCVmFsZW5jaWElMjEzbTIlMjExZDM5LjQ2MTI2Mjk5OTk5OTk5NSUyMTJkLTAuMzM3NzY4NDk5OTk5OTk5OTclMjE1ZTAlMjEzbTIlMjExc2VzJTIxMnNlcyUyMTR2MTQzMzg2MTQyNzA3NSUyMiUyMHdpZHRoJTNEJTIyNjAwJTIyJTIwaGVpZ2h0JTNEJTIyNDUwJTIyJTIwZnJhbWVib3JkZXIlM0QlMjIwJTIyJTIwc3R5bGUlM0QlMjJib3JkZXIlM0EwJTIyJTNFJTNDJTJGaWZyYW1lJTNF&#8221;][\/vc_column_text][\/vc_column_inner][vc_column_inner width=&#8221;1\/2&#8243;][vc_custom_heading text=&#8221;De la gare&#8221; font_container=&#8221;tag:h3|font_size:24px|text_align:left|color:%231c1a19|line_height:30px&#8221; google_fonts=&#8221;font_family:Lato%3A100%2C100italic%2C300%2C300italic%2Cregular%2Citalic%2C700%2C700italic%2C900%2C900italic|font_style:900%20bold%20regular%3A900%3Anormal&#8221; css=&#8221;.vc_custom_1500567667219{margin-bottom: 20px !important;border-bottom-width: 2px !important;border-bottom-color: #75cdde !important;border-bottom-style: solid !important;}&#8221;][vc_column_text css=&#8221;.vc_custom_1500567765833{margin-bottom: 0px !important;}&#8221;]<\/p>\n<h4>De la gare de Joaqu\u00edn Sorolla (15&#8242;)<\/h4>\n<ul>\n<li><span style=\"font-weight: 400;\">Prenez le m\u00e9tro Jesus Line 7 (orange, direction Maritim-Serreria) et descendez \u00e0 l&#8217;arr\u00eat Maritim-Serreria. Ensuite, dirigez-vous vers le sud et traversez la Carrer de la Fusta pour rejoindre Carrer de Jeroni de Montsoriu. Suivez cette rue jusqu&#8217;\u00e0 l&#8217;avenue del Puerto.<\/span><\/li>\n<\/ul>\n<h4>De Estacio del Norte (11\u2019)<\/h4>\n<ul>\n<li><span style=\"font-weight: 400;\">Prendre la ligne de m\u00e9tro Xativa 5 (vert, direction Maritim &#8211; Serreria) jusqu&#8217;\u00e0 Maritim &#8211; Serreria. Ensuite, dirigez-vous vers le sud et traversez la Carrer de la Fusta pour rejoindre Carrer de Jeroni de Montsoriu. Suivez cette rue jusqu&#8217;\u00e0 l&#8217;avenue del Puerto.<\/span><\/li>\n<\/ul>\n<p>[\/vc_column_text][\/vc_column_inner][\/vc_row_inner][\/et_tab][et_tab tab_id=&#8221;1497689133558-7ccabd90-baa7&#8243; img=&#8221;10136&#8243; title=&#8221;GARE ROUTI\u00c8RE&#8221; img_size=&#8221;200&#215;133&#8243;][vc_row_inner][vc_column_inner width=&#8221;1\/2&#8243;][vc_column_text][vc_gmaps link=&#8221;#E-8_JTNDaWZyYW1lJTIwc3JjJTNEJTIyaHR0cHMlM0ElMkYlMkZ3d3cuZ29vZ2xlLmNvbSUyRm1hcHMlMkZlbWJlZCUzRnBiJTNEJTIxMW0yOCUyMTFtMTIlMjExbTMlMjExZDQ5Mjc5Ljk4OTM0NjU4Mzg1NCUyMTJkLTAuMzk5MDQzMjc1OTE5OTkyOSUyMTNkMzkuNDY5MzQzNzUyMzI2ODElMjEybTMlMjExZjAlMjEyZjAlMjEzZjAlMjEzbTIlMjExaTEwMjQlMjEyaTc2OCUyMTRmMTMuMSUyMTRtMTMlMjEzZTMlMjE0bTUlMjExczB4ZDYwNGY1YmQ4NGYzNzM1JTI1M0EweDZkNThkN2I4Y2I1MzljZWQlMjEyc0VzdGFjaSUyNUMzJTI1QjNuJTJCZGUlMkJBdXRvYnVzZXMlMjEzbTIlMjExZDM5LjQ4MDQ5NTk5OTk5OTk5NSUyMTJkLTAuMzg3Mjg5OTk5OTk5OTk5OTclMjE0bTUlMjExczB4ZDYwNDhmNWYyOWRjZDk1JTI1M0EweGRjNWU3NzZmZjMwMWZhYWUlMjEyc0F2aW5ndWRhJTJCZGVsJTJCUG9ydCUyNTJDJTJCMjgwJTI1MkMlMkI0NjAyNCUyQlZhbCUyNUMzJTI1QThuY2lhJTI1MkMlMkJWYWxlbmNpYSUyMTNtMiUyMTFkMzkuNDYxMjYyOTk5OTk5OTk1JTIxMmQtMC4zMzc3Njg0OTk5OTk5OTk5NyUyMTVlMCUyMTNtMiUyMTFzZXMlMjEyc2VzJTIxNHYxNDMzODYzMDQwMDI4JTIyJTIwd2lkdGglM0QlMjI2MDAlMjIlMjBoZWlnaHQlM0QlMjI0NTAlMjIlMjBmcmFtZWJvcmRlciUzRCUyMjAlMjIlMjBzdHlsZSUzRCUyMmJvcmRlciUzQTAlMjIlM0UlM0MlMkZpZnJhbWUlM0U=&#8221;][\/vc_column_text][\/vc_column_inner][vc_column_inner width=&#8221;1\/2&#8243;][vc_custom_heading text=&#8221;FROM VALENCIA BUS STATION&#8221; font_container=&#8221;tag:h3|font_size:24px|text_align:left|color:%231c1a19|line_height:30px&#8221; google_fonts=&#8221;font_family:Lato%3A100%2C100italic%2C300%2C300italic%2Cregular%2Citalic%2C700%2C700italic%2C900%2C900italic|font_style:900%20bold%20regular%3A900%3Anormal&#8221; css=&#8221;.vc_custom_1497689722282{margin-bottom: 20px !important;border-bottom-width: 2px !important;border-bottom-color: #75cdde !important;border-bottom-style: solid !important;}&#8221;][vc_column_text css=&#8221;.vc_custom_1571206010307{margin-bottom: 0px !important;}&#8221;]<\/p>\n<h4>De la gare routi\u00e8re ( 25&#8242;)<\/h4>\n<ul>\n<li><span style=\"font-weight: 400;\">Prenez Ricardo Mico &#8211; Men\u00e9ndez Pidal <strong>Bus No. 92 <\/strong>direction Malva-rosa et descendez \u00e0 Serradora &#8211; Port. Marcher pendant environ 2 min. \u00c0 Avinguda del Port, 280.<\/span><\/li>\n<\/ul>\n<p>[\/vc_column_text][\/vc_column_inner][\/vc_row_inner][\/et_tab][\/et_tabs][\/vc_column][\/vc_row]<\/p>\n<\/div>","protected":false},"excerpt":{"rendered":"<p>[vc_row][vc_column][vc_empty_space][vc_column_text] Un itineraire simple et rapide en covenance de toutes les directions [\/vc_column_text][et_tabs el_class=&#8221;sushi-menu-tabs&#8221;][et_tab tab_id=&#8221;1497688888335-956c78a7-8534&#8243; img=&#8221;10120&#8243; title=&#8221;AEROPORT&#8221; img_size=&#8221;200&#215;133&#8243;][vc_row_inner][vc_column_inner width=&#8221;1\/2&#8243;][vc_column_text][vc_gmaps link=&#8221;#E-8_JTNDaWZyYW1lJTIwc3JjJTNEJTIyaHR0cHMlM0ElMkYlMkZ3d3cuZ29vZ2xlLmNvbSUyRm1hcHMlMkZlbWJlZCUzRnBiJTNEJTIxMW0yOCUyMTFtMTIlMjExbTMlMjExZDk4NTQ4Ljg1MDA3MjM2ODIyJTIxMmQtMC40NzY1MTU4NTA5Nzk5MzI3NiUyMTNkMzkuNDc3MTk5NjU3NjMzMjklMjEybTMlMjExZjAlMjEyZjAlMjEzZjAlMjEzbTIlMjExaTEwMjQlMjEyaTc2OCUyMTRmMTMuMSUyMTRtMTMlMjEzZTMlMjE0bTUlMjExczB4ZDYwNWE5ZjYwY2M1YTY3JTI1M0EweDRjYzJiN2ZmYWFiMTAxODIlMjEyc0Flcm9wdWVydG8lMkJkZSUyQlZhbGVuY2lhJTI1MkMlMkJDYXJyZXRlcmElMkJkZWwlMkJBZXJvcHVlcnRvJTI1MkMlMkJzJTI1MkZuJTI1MkMlMkI0Njk0MCUyQk1hbmlzZXMlMjUyQyUyQlZhbGVuY2lhJTIxM20yJTIxMWQzOS40ODkyMzMlMjEyZC0wLjQ3ODAyNTk5OTk5OTk5OTk1JTIxNG01JTIxMXMweGQ2MDQ4ZjVmMjlkY2Q5NSUyNTNBMHhkYzVlNzc2ZmYzMDFmYWFlJTIxMnNBdmluZ3VkYSUyQmRlbCUyQlBvcnQlMjUyQyUyQjI4MCUyNTJDJTJCNDYwMjQlMkJWYWwlMjVDMyUyNUE4bmNpYSUyNTJDJTJCVmFsZW5jaWElMjEzbTIlMjExZDM5LjQ2MTI2Mjk5OTk5OTk5NSUyMTJkLTAuMzM3NzY4NDk5OTk5OTk5OTclMjE1ZTAlMjEzbTIlMjExc2VzJTIxMnNlcyUyMTR2MTQzMzg2MjU2ODIzNSUyMiUyMHdpZHRoJTNEJTIyNjAwJTIyJTIwaGVpZ2h0JTNEJTIyNDUwJTIyJTIwZnJhbWVib3JkZXIlM0QlMjIwJTIyJTIwc3R5bGUlM0QlMjJib3JkZXIlM0EwJTIyJTNFJTNDJTJGaWZyYW1lJTNF&#8221;][\/vc_column_text][\/vc_column_inner][vc_column_inner width=&#8221;1\/2&#8243;][vc_custom_heading text=&#8221;De l&#8217;aeroport internationale de&#8230;<\/p>\n","protected":false},"author":1,"featured_media":0,"parent":0,"menu_order":0,"comment_status":"closed","ping_status":"closed","template":"","meta":{"rs_blank_template":"","rs_page_bg_color":"","slide_template_v7":"","footnotes":""},"class_list":["post-11507","page","type-page","status-publish","hentry"],"_links":{"self":[{"href":"https:\/\/www.urbanyouthhostel.com\/fr\/wp-json\/wp\/v2\/pages\/11507","targetHints":{"allow":["GET"]}}],"collection":[{"href":"https:\/\/www.urbanyouthhostel.com\/fr\/wp-json\/wp\/v2\/pages"}],"about":[{"href":"https:\/\/www.urbanyouthhostel.com\/fr\/wp-json\/wp\/v2\/types\/page"}],"author":[{"embeddable":true,"href":"https:\/\/www.urbanyouthhostel.com\/fr\/wp-json\/wp\/v2\/users\/1"}],"replies":[{"embeddable":true,"href":"https:\/\/www.urbanyouthhostel.com\/fr\/wp-json\/wp\/v2\/comments?post=11507"}],"version-history":[{"count":0,"href":"https:\/\/www.urbanyouthhostel.com\/fr\/wp-json\/wp\/v2\/pages\/11507\/revisions"}],"wp:attachment":[{"href":"https:\/\/www.urbanyouthhostel.com\/fr\/wp-json\/wp\/v2\/media?parent=11507"}],"curies":[{"name":"wp","href":"https:\/\/api.w.org\/{rel}","templated":true}]}}