{"id":12481,"date":"2017-06-16T14:59:42","date_gmt":"2017-06-16T13:59:42","guid":{"rendered":"http:\/\/www.urbanyouthhostel.com\/cancellation-policy\/"},"modified":"-0001-11-30T00:00:00","modified_gmt":"-0001-11-29T23:00:00","slug":"politica-de-cancelaciones","status":"publish","type":"page","link":"https:\/\/www.urbanyouthhostel.com\/es\/politica-de-cancelaciones\/","title":{"rendered":"Pol\u00edtica de cancelaciones"},"content":{"rendered":"<div class=\"wpb-content-wrapper\"><p>[vc_row][vc_column css=&#8221;.vc_custom_1502013098482{border-top-width: 1px !important;border-right-width: 1px !important;border-bottom-width: 1px !important;border-left-width: 1px !important;padding-top: 20px !important;padding-right: 20px !important;padding-bottom: 20px !important;padding-left: 20px !important;background-color: #f4f4f4 !important;border-left-color: #e0e0e0 !important;border-left-style: solid !important;border-right-color: #e0e0e0 !important;border-right-style: solid !important;border-top-color: #e0e0e0 !important;border-top-style: solid !important;border-bottom-color: #e0e0e0 !important;border-bottom-style: solid !important;}&#8221;][vc_column_text]<\/p>\n<h2>POL\u00cdTICA DE CANCELACI\u00d3N (excepto Fallas, Tomatina y Moto GP)<\/h2>\n<p>Para garantizar la reserva es esencial para enviarnos un n\u00famero de tarjeta de cr\u00e9dito, especificando si Visa o Mastercard, con la fecha de caducidad y el nombre completo del titular de la tarjeta.<\/p>\n<p>La garant\u00eda se utilizar\u00e1 para cargar y cargar la cantidad de al menos una estancia de una noche, si cancela menos de 48 horas antes de la fecha de llegada de su reserva, o no vienen a ocupar una habitaci\u00f3n sin haber cancelado en el plazo.<\/p>\n<p>Urban Youth Hostel se reserva el derecho de verificar la validez de la tarjeta de cr\u00e9dito antes de la llegada del cliente.<\/p>\n<p>[\/vc_column_text][\/vc_column][\/vc_row][vc_row][vc_column][vc_empty_space][\/vc_column][\/vc_row][vc_row][vc_column css=&#8221;.vc_custom_1502013098482{border-top-width: 1px !important;border-right-width: 1px !important;border-bottom-width: 1px !important;border-left-width: 1px !important;padding-top: 20px !important;padding-right: 20px !important;padding-bottom: 20px !important;padding-left: 20px !important;background-color: #f4f4f4 !important;border-left-color: #e0e0e0 !important;border-left-style: solid !important;border-right-color: #e0e0e0 !important;border-right-style: solid !important;border-top-color: #e0e0e0 !important;border-top-style: solid !important;border-bottom-color: #e0e0e0 !important;border-bottom-style: solid !important;}&#8221;][vc_column_text]<\/p>\n<h2>RESERVAS INDIVIDUALES &#8211; FALLAS \/ TOMATINA<\/h2>\n<p>15 d\u00edas antes de la llegada: sin cargo.<br \/>\nEntre 15 d\u00edas y 48 horas antes del d\u00eda de llegada: 50% de la estancia reservada.<br \/>\nDentro de 48 horas de antelaci\u00f3n al d\u00eda de llegada: 100% de la estancia reservada.<br \/>\nUrban Youth Hostel se reserva el derecho de preautorizar la tarjeta de cr\u00e9dito antes de la llegada del cliente.<\/p>\n<p>[\/vc_column_text][\/vc_column][\/vc_row][vc_row][vc_column][vc_empty_space][\/vc_column][\/vc_row][vc_row][vc_column css=&#8221;.vc_custom_1502013098482{border-top-width: 1px !important;border-right-width: 1px !important;border-bottom-width: 1px !important;border-left-width: 1px !important;padding-top: 20px !important;padding-right: 20px !important;padding-bottom: 20px !important;padding-left: 20px !important;background-color: #f4f4f4 !important;border-left-color: #e0e0e0 !important;border-left-style: solid !important;border-right-color: #e0e0e0 !important;border-right-style: solid !important;border-top-color: #e0e0e0 !important;border-top-style: solid !important;border-bottom-color: #e0e0e0 !important;border-bottom-style: solid !important;}&#8221;][vc_column_text]<\/p>\n<h2>RESERVAS INDIVIDUALES &#8211; MOTOCICLETA<\/h2>\n<p>Urban Youth Hostel cargar\u00eda y facturar\u00eda las siguientes cantidades como tasa de cancelaci\u00f3n en caso de cancelaci\u00f3n:<\/p>\n<p>15 d\u00edas antes de la llegada: 25% de la estancia reservada.<br \/>\nEntre 15 y 7 d\u00edas antes del d\u00eda de llegada: 50% de la estancia reservada<br \/>\nDentro de los 7 d\u00edas anteriores al d\u00eda de llegada: 100% de la estancia reservada.<br \/>\nUrban Youth Hostel se reserva el derecho de preautorizar la tarjeta de cr\u00e9dito antes de la llegada del cliente.<\/p>\n<p>[\/vc_column_text][\/vc_column][\/vc_row][vc_row][vc_column][vc_empty_space][\/vc_column][\/vc_row][vc_row][vc_column css=&#8221;.vc_custom_1502013098482{border-top-width: 1px !important;border-right-width: 1px !important;border-bottom-width: 1px !important;border-left-width: 1px !important;padding-top: 20px !important;padding-right: 20px !important;padding-bottom: 20px !important;padding-left: 20px !important;background-color: #f4f4f4 !important;border-left-color: #e0e0e0 !important;border-left-style: solid !important;border-right-color: #e0e0e0 !important;border-right-style: solid !important;border-top-color: #e0e0e0 !important;border-top-style: solid !important;border-bottom-color: #e0e0e0 !important;border-bottom-style: solid !important;}&#8221;][vc_column_text]<\/p>\n<h2>GRUPOS<\/h2>\n<h3>T\u00e9rminos de pago:<\/h3>\n<p>Dep\u00f3sito del 25% para garantizar la reserva, NO REEMBOLSABLE.<br \/>\nResto, 15 d\u00edas antes de la llegada<\/p>\n<h3>Condiciones de anulaci\u00f3n:<\/h3>\n<p>Cancelaci\u00f3n con m\u00e1s de 30 d\u00edas de antelaci\u00f3n: el 25% depositado.<br \/>\nCancelaciones entre 30 y 15 d\u00edas: gastos del\u00a0 50% del resto a pagar.<br \/>\nMenos de 15 d\u00edas: No se admite cancelaci\u00f3n \/ modificaci\u00f3n. Gastos del 100% de la reserva.[\/vc_column_text][\/vc_column][\/vc_row]<\/p>\n<p>&nbsp;<\/p>\n<\/div>","protected":false},"excerpt":{"rendered":"<p>[vc_row][vc_column css=&#8221;.vc_custom_1502013098482{border-top-width: 1px !important;border-right-width: 1px !important;border-bottom-width: 1px !important;border-left-width: 1px !important;padding-top: 20px !important;padding-right: 20px !important;padding-bottom: 20px !important;padding-left: 20px !important;background-color: #f4f4f4 !important;border-left-color: #e0e0e0 !important;border-left-style: solid !important;border-right-color: #e0e0e0&#8230;<\/p>\n","protected":false},"author":1,"featured_media":0,"parent":0,"menu_order":0,"comment_status":"closed","ping_status":"closed","template":"","meta":{"rs_blank_template":"","rs_page_bg_color":"","slide_template_v7":"","footnotes":""},"class_list":["post-12481","page","type-page","status-publish","hentry"],"_links":{"self":[{"href":"https:\/\/www.urbanyouthhostel.com\/es\/wp-json\/wp\/v2\/pages\/12481","targetHints":{"allow":["GET"]}}],"collection":[{"href":"https:\/\/www.urbanyouthhostel.com\/es\/wp-json\/wp\/v2\/pages"}],"about":[{"href":"https:\/\/www.urbanyouthhostel.com\/es\/wp-json\/wp\/v2\/types\/page"}],"author":[{"embeddable":true,"href":"https:\/\/www.urbanyouthhostel.com\/es\/wp-json\/wp\/v2\/users\/1"}],"replies":[{"embeddable":true,"href":"https:\/\/www.urbanyouthhostel.com\/es\/wp-json\/wp\/v2\/comments?post=12481"}],"version-history":[{"count":0,"href":"https:\/\/www.urbanyouthhostel.com\/es\/wp-json\/wp\/v2\/pages\/12481\/revisions"}],"wp:attachment":[{"href":"https:\/\/www.urbanyouthhostel.com\/es\/wp-json\/wp\/v2\/media?parent=12481"}],"curies":[{"name":"wp","href":"https:\/\/api.w.org\/{rel}","templated":true}]}}