{"id":11636,"date":"2017-06-16T14:57:55","date_gmt":"2017-06-16T13:57:55","guid":{"rendered":"http:\/\/urban.2web.es\/activities\/"},"modified":"-0001-11-30T00:00:00","modified_gmt":"-0001-11-29T23:00:00","slug":"actividades","status":"publish","type":"page","link":"https:\/\/www.urbanyouthhostel.com\/es\/actividades\/","title":{"rendered":"Actividades"},"content":{"rendered":"<div class=\"wpb-content-wrapper\"><p>[vc_row full_height=&#8221;yes&#8221; css=&#8221;.vc_custom_1500799458600{margin-bottom: 20px !important;}&#8221;][vc_column width=&#8221;1\/3&#8243; css=&#8221;.vc_custom_1500799342222{background-color: #59abe3 !important;}&#8221;][vc_column_text]<\/p>\n<h3 style=\"text-align: left;\"><span style=\"color: #ffffff;\">Valencia es una ciudad que siempre est\u00e1 viva. Sus m\u00e1s de 300 d\u00edas de sol al a\u00f1o la convierten en uno de los destinos tur\u00edsticos m\u00e1s atractivos del mundo.<\/span><\/h3>\n<h3 style=\"text-align: left;\"><span style=\"color: #ffffff;\">A continuaci\u00f3n, te ofrecemos un \u00edndice para que encuentres la oferta de actividades, eventos, conciertos y mucho m\u00e1s que mejor se ajuste a tus necesidades.<br \/>\n<\/span><\/h3>\n<p>[\/vc_column_text]\n<div class=\"wpcf7 no-js\" id=\"wpcf7-f12365-o1\" lang=\"es-ES\" dir=\"ltr\" data-wpcf7-id=\"12365\">\n<div class=\"screen-reader-response\"><p role=\"status\" aria-live=\"polite\" aria-atomic=\"true\"><\/p> <ul><\/ul><\/div>\n<form action=\"\/es\/wp-json\/wp\/v2\/pages\/11636#wpcf7-f12365-o1\" method=\"post\" class=\"wpcf7-form init\" aria-label=\"Formulario de contacto\" novalidate=\"novalidate\" data-status=\"init\">\n<fieldset class=\"hidden-fields-container\"><input type=\"hidden\" name=\"_wpcf7\" value=\"12365\" \/><input type=\"hidden\" name=\"_wpcf7_version\" value=\"6.1.5\" \/><input type=\"hidden\" name=\"_wpcf7_locale\" value=\"es_ES\" \/><input type=\"hidden\" name=\"_wpcf7_unit_tag\" value=\"wpcf7-f12365-o1\" \/><input type=\"hidden\" name=\"_wpcf7_container_post\" value=\"0\" \/><input type=\"hidden\" name=\"_wpcf7_posted_data_hash\" value=\"\" \/><input type=\"hidden\" name=\"_wpcf7_recaptcha_response\" value=\"\" \/>\n<\/fieldset>\n<div class=\"form-group\">\n\t<p><label>Nombre*<\/label><br \/>\n<span class=\"wpcf7-form-control-wrap\" data-name=\"your-name\"><input size=\"40\" maxlength=\"400\" class=\"wpcf7-form-control wpcf7-text wpcf7-validates-as-required\" aria-required=\"true\" aria-invalid=\"false\" value=\"\" type=\"text\" name=\"your-name\" \/><\/span>\n\t<\/p>\n\t<p><label>Apellidos*<\/label><br \/>\n<span class=\"wpcf7-form-control-wrap\" data-name=\"your-surname\"><input size=\"40\" maxlength=\"400\" class=\"wpcf7-form-control wpcf7-text wpcf7-validates-as-required\" aria-required=\"true\" aria-invalid=\"false\" value=\"\" type=\"text\" name=\"your-surname\" \/><\/span>\n\t<\/p>\n<\/div>\n<div class=\"form-group\">\n\t<p><label>Email*<\/label><br \/>\n<span class=\"wpcf7-form-control-wrap\" data-name=\"your-email\"><input size=\"40\" maxlength=\"400\" class=\"wpcf7-form-control wpcf7-email wpcf7-validates-as-required wpcf7-text wpcf7-validates-as-email\" aria-required=\"true\" aria-invalid=\"false\" value=\"\" type=\"email\" name=\"your-email\" \/><\/span>\n\t<\/p>\n\t<p><label>tel\u00e9fono<\/label><br \/>\n<span class=\"wpcf7-form-control-wrap\" data-name=\"tel\"><input size=\"40\" maxlength=\"400\" class=\"wpcf7-form-control wpcf7-tel wpcf7-text wpcf7-validates-as-tel\" aria-invalid=\"false\" value=\"\" type=\"tel\" name=\"tel\" \/><\/span>\n\t<\/p>\n<\/div>\n<p><br \/>\n<label>Mensaje*<\/label><br \/>\n<span class=\"wpcf7-form-control-wrap\" data-name=\"your-message\"><textarea cols=\"40\" rows=\"10\" maxlength=\"2000\" class=\"wpcf7-form-control wpcf7-textarea wpcf7-validates-as-required\" aria-required=\"true\" aria-invalid=\"false\" name=\"your-message\"><\/textarea><\/span>\n<\/p>\n<p><input class=\"wpcf7-form-control wpcf7-submit has-spinner\" type=\"submit\" value=\"Enviar\" \/>\n<\/p><div class=\"wpcf7-response-output\" aria-hidden=\"true\"><\/div>\n<\/form>\n<\/div>\n[\/vc_column][vc_column width=&#8221;1\/3&#8243;][vc_column_text css=&#8221;.vc_custom_1500798639804{margin-bottom: -10px !important;padding-top: 10px !important;padding-right: 10px !important;padding-bottom: 10px !important;padding-left: 10px !important;background-color: #59abe3 !important;border-radius: 5px !important;}&#8221;]<\/p>\n<h3 style=\"text-align: left;\"><span style=\"color: #ffffff;\">Calendario<\/span><\/h3>\n<p>[\/vc_column_text]<div id=\"mpc_icon_list-7269fa3378d499e\" class=\"mpc-icon-list mpc-init mpc-icon--left mpc-typography--mpc_preset_57 \"><ul class=\"mpc-list__ul\"><li class=\"mpc-list__item mpc-parent-hover mpc-transition\" data-index=\"0\"><div class=\"mpc-list__icon\"><div data-id=\"mpc_icon-5169fa3378d49cf\" class=\"mpc-icon mpc-init mpc-transition mpc-effect-slide-down mpc-icon-hover \"><div class=\"mpc-icon-wrap\"><i class=\"mpc-icon-part mpc-regular mpc-transition  eti eti_arrow_carrot-right\"><\/i><i class=\"mpc-icon-part mpc-hover mpc-transition  eti eti_arrow_carrot-right\"><\/i><\/div><\/div><\/div><span class=\"mpc-list__title\"><a href=\"http:\/\/www.urbanyouthhostel.com\/es\/valencia-todo-el-ano\/\">TODO EL A\u00d1O<\/a><\/span><\/li><li class=\"mpc-list__item mpc-parent-hover mpc-transition\" data-index=\"1\"><div class=\"mpc-list__icon\"><div data-id=\"mpc_icon-5169fa3378d49cf\" class=\"mpc-icon mpc-init mpc-transition mpc-effect-slide-down mpc-icon-hover \"><div class=\"mpc-icon-wrap\"><i class=\"mpc-icon-part mpc-regular mpc-transition  eti eti_arrow_carrot-right\"><\/i><i class=\"mpc-icon-part mpc-hover mpc-transition  eti eti_arrow_carrot-right\"><\/i><\/div><\/div><\/div><span class=\"mpc-list__title\"><a href=\"http:\/\/www.urbanyouthhostel.com\/es\/valencia-en-enero\/\">ENERO<\/a><\/span><\/li><li class=\"mpc-list__item mpc-parent-hover mpc-transition\" data-index=\"2\"><div class=\"mpc-list__icon\"><div data-id=\"mpc_icon-5169fa3378d49cf\" class=\"mpc-icon mpc-init mpc-transition mpc-effect-slide-down mpc-icon-hover \"><div class=\"mpc-icon-wrap\"><i class=\"mpc-icon-part mpc-regular mpc-transition  eti eti_arrow_carrot-right\"><\/i><i class=\"mpc-icon-part mpc-hover mpc-transition  eti eti_arrow_carrot-right\"><\/i><\/div><\/div><\/div><span class=\"mpc-list__title\"><a href=\"http:\/\/www.urbanyouthhostel.com\/es\/valencia-en-febrero\/\">FEBRERO<\/a><\/span><\/li><li class=\"mpc-list__item mpc-parent-hover mpc-transition\" data-index=\"3\"><div class=\"mpc-list__icon\"><div data-id=\"mpc_icon-5169fa3378d49cf\" class=\"mpc-icon mpc-init mpc-transition mpc-effect-slide-down mpc-icon-hover \"><div class=\"mpc-icon-wrap\"><i class=\"mpc-icon-part mpc-regular mpc-transition  eti eti_arrow_carrot-right\"><\/i><i class=\"mpc-icon-part mpc-hover mpc-transition  eti eti_arrow_carrot-right\"><\/i><\/div><\/div><\/div><span class=\"mpc-list__title\"><a href=\"http:\/\/www.urbanyouthhostel.com\/es\/valencia-en-marzo\/\">MARZO<\/a><\/span><\/li><li class=\"mpc-list__item mpc-parent-hover mpc-transition\" data-index=\"4\"><div class=\"mpc-list__icon\"><div data-id=\"mpc_icon-5169fa3378d49cf\" class=\"mpc-icon mpc-init mpc-transition mpc-effect-slide-down mpc-icon-hover \"><div class=\"mpc-icon-wrap\"><i class=\"mpc-icon-part mpc-regular mpc-transition  eti eti_arrow_carrot-right\"><\/i><i class=\"mpc-icon-part mpc-hover mpc-transition  eti eti_arrow_carrot-right\"><\/i><\/div><\/div><\/div><span class=\"mpc-list__title\"><a href=\"http:\/\/www.urbanyouthhostel.com\/es\/valencia-en-abril\/\">ABRIL<\/a><\/span><\/li><li class=\"mpc-list__item mpc-parent-hover mpc-transition\" data-index=\"5\"><div class=\"mpc-list__icon\"><div data-id=\"mpc_icon-5169fa3378d49cf\" class=\"mpc-icon mpc-init mpc-transition mpc-effect-slide-down mpc-icon-hover \"><div class=\"mpc-icon-wrap\"><i class=\"mpc-icon-part mpc-regular mpc-transition  eti eti_arrow_carrot-right\"><\/i><i class=\"mpc-icon-part mpc-hover mpc-transition  eti eti_arrow_carrot-right\"><\/i><\/div><\/div><\/div><span class=\"mpc-list__title\"><a href=\"http:\/\/www.urbanyouthhostel.com\/es\/valencia-en-mayo\/\">MAYO <\/a><\/span><\/li><li class=\"mpc-list__item mpc-parent-hover mpc-transition\" data-index=\"6\"><div class=\"mpc-list__icon\"><div data-id=\"mpc_icon-5169fa3378d49cf\" class=\"mpc-icon mpc-init mpc-transition mpc-effect-slide-down mpc-icon-hover \"><div class=\"mpc-icon-wrap\"><i class=\"mpc-icon-part mpc-regular mpc-transition  eti eti_arrow_carrot-right\"><\/i><i class=\"mpc-icon-part mpc-hover mpc-transition  eti eti_arrow_carrot-right\"><\/i><\/div><\/div><\/div><span class=\"mpc-list__title\"><a href=\"http:\/\/www.urbanyouthhostel.com\/es\/valencia-en-junio\/\">JUNIO<\/a><\/span><\/li><li class=\"mpc-list__item mpc-parent-hover mpc-transition\" data-index=\"7\"><div class=\"mpc-list__icon\"><div data-id=\"mpc_icon-5169fa3378d49cf\" class=\"mpc-icon mpc-init mpc-transition mpc-effect-slide-down mpc-icon-hover \"><div class=\"mpc-icon-wrap\"><i class=\"mpc-icon-part mpc-regular mpc-transition  eti eti_arrow_carrot-right\"><\/i><i class=\"mpc-icon-part mpc-hover mpc-transition  eti eti_arrow_carrot-right\"><\/i><\/div><\/div><\/div><span class=\"mpc-list__title\"><a href=\"http:\/\/www.urbanyouthhostel.com\/es\/valencia-en-julio\/\">JULIO<\/a><\/span><\/li><li class=\"mpc-list__item mpc-parent-hover mpc-transition\" data-index=\"8\"><div class=\"mpc-list__icon\"><div data-id=\"mpc_icon-5169fa3378d49cf\" class=\"mpc-icon mpc-init mpc-transition mpc-effect-slide-down mpc-icon-hover \"><div class=\"mpc-icon-wrap\"><i class=\"mpc-icon-part mpc-regular mpc-transition  eti eti_arrow_carrot-right\"><\/i><i class=\"mpc-icon-part mpc-hover mpc-transition  eti eti_arrow_carrot-right\"><\/i><\/div><\/div><\/div><span class=\"mpc-list__title\"><a href=\"http:\/\/www.urbanyouthhostel.com\/es\/valencia-en-agosto\/\">AGOSTO<\/a><\/span><\/li><li class=\"mpc-list__item mpc-parent-hover mpc-transition\" data-index=\"9\"><div class=\"mpc-list__icon\"><div data-id=\"mpc_icon-5169fa3378d49cf\" class=\"mpc-icon mpc-init mpc-transition mpc-effect-slide-down mpc-icon-hover \"><div class=\"mpc-icon-wrap\"><i class=\"mpc-icon-part mpc-regular mpc-transition  eti eti_arrow_carrot-right\"><\/i><i class=\"mpc-icon-part mpc-hover mpc-transition  eti eti_arrow_carrot-right\"><\/i><\/div><\/div><\/div><span class=\"mpc-list__title\"><a href=\"http:\/\/www.urbanyouthhostel.com\/es\/valencia-september\/\">SEPTIEMBRE<\/a><\/span><\/li><li class=\"mpc-list__item mpc-parent-hover mpc-transition\" data-index=\"10\"><div class=\"mpc-list__icon\"><div data-id=\"mpc_icon-5169fa3378d49cf\" class=\"mpc-icon mpc-init mpc-transition mpc-effect-slide-down mpc-icon-hover \"><div class=\"mpc-icon-wrap\"><i class=\"mpc-icon-part mpc-regular mpc-transition  eti eti_arrow_carrot-right\"><\/i><i class=\"mpc-icon-part mpc-hover mpc-transition  eti eti_arrow_carrot-right\"><\/i><\/div><\/div><\/div><span class=\"mpc-list__title\"><a href=\"http:\/\/www.urbanyouthhostel.com\/es\/valencia-en-octubre\/\">OCTUBRE<\/a><\/span><\/li><li class=\"mpc-list__item mpc-parent-hover mpc-transition\" data-index=\"11\"><div class=\"mpc-list__icon\"><div data-id=\"mpc_icon-5169fa3378d49cf\" class=\"mpc-icon mpc-init mpc-transition mpc-effect-slide-down mpc-icon-hover \"><div class=\"mpc-icon-wrap\"><i class=\"mpc-icon-part mpc-regular mpc-transition  eti eti_arrow_carrot-right\"><\/i><i class=\"mpc-icon-part mpc-hover mpc-transition  eti eti_arrow_carrot-right\"><\/i><\/div><\/div><\/div><span class=\"mpc-list__title\"><a href=\"http:\/\/www.urbanyouthhostel.com\/es\/valencia-november\/\">NOVIEMBRE<\/a><\/span><\/li><li class=\"mpc-list__item mpc-parent-hover mpc-transition\" data-index=\"12\"><div class=\"mpc-list__icon\"><div data-id=\"mpc_icon-5169fa3378d49cf\" class=\"mpc-icon mpc-init mpc-transition mpc-effect-slide-down mpc-icon-hover \"><div class=\"mpc-icon-wrap\"><i class=\"mpc-icon-part mpc-regular mpc-transition  eti eti_arrow_carrot-right\"><\/i><i class=\"mpc-icon-part mpc-hover mpc-transition  eti eti_arrow_carrot-right\"><\/i><\/div><\/div><\/div><span class=\"mpc-list__title\"><a href=\"http:\/\/www.urbanyouthhostel.com\/es\/valencia-en-diciembre\/\">DICIEMBRE<\/a><\/span><\/li><\/ul><\/div>[\/vc_column][vc_column width=&#8221;1\/3&#8243;][vc_column_text css=&#8221;.vc_custom_1500798809344{margin-bottom: -10px !important;padding-top: 10px !important;padding-right: 10px !important;padding-bottom: 10px !important;padding-left: 10px !important;background-color: #59abe3 !important;border-radius: 5px !important;}&#8221;]<\/p>\n<h3 style=\"text-align: left;\"><span style=\"color: #ffffff;\">Categor\u00edas<\/span><\/h3>\n<p>[\/vc_column_text]<div id=\"mpc_icon_list-4769fa3378d4a19\" class=\"mpc-icon-list mpc-init mpc-icon--left mpc-typography--mpc_preset_57 \"><ul class=\"mpc-list__ul\"><li class=\"mpc-list__item mpc-parent-hover mpc-transition\" data-index=\"0\"><div class=\"mpc-list__icon\"><div data-id=\"mpc_icon-7269fa3378d4a31\" class=\"mpc-icon mpc-init mpc-transition mpc-effect-slide-down mpc-icon-hover \"><div class=\"mpc-icon-wrap\"><i class=\"mpc-icon-part mpc-regular mpc-transition  eti eti_arrow_carrot-right\"><\/i><i class=\"mpc-icon-part mpc-hover mpc-transition  eti eti_arrow_carrot-right\"><\/i><\/div><\/div><\/div><span class=\"mpc-list__title\"><a href=\"http:\/\/www.urbanyouthhostel.com\/es\/te-recomendamos\/\">TE RECOMENDAMOS<\/a><\/span><\/li><li class=\"mpc-list__item mpc-parent-hover mpc-transition\" data-index=\"1\"><div class=\"mpc-list__icon\"><div data-id=\"mpc_icon-7269fa3378d4a31\" class=\"mpc-icon mpc-init mpc-transition mpc-effect-slide-down mpc-icon-hover \"><div class=\"mpc-icon-wrap\"><i class=\"mpc-icon-part mpc-regular mpc-transition  eti eti_arrow_carrot-right\"><\/i><i class=\"mpc-icon-part mpc-hover mpc-transition  eti eti_arrow_carrot-right\"><\/i><\/div><\/div><\/div><span class=\"mpc-list__title\"><a href=\"http:\/\/www.urbanyouthhostel.com\/es\/valencia-gastronomia\/\">Gastronom\u00eda<\/a><\/span><\/li><li class=\"mpc-list__item mpc-parent-hover mpc-transition\" data-index=\"2\"><div class=\"mpc-list__icon\"><div data-id=\"mpc_icon-7269fa3378d4a31\" class=\"mpc-icon mpc-init mpc-transition mpc-effect-slide-down mpc-icon-hover \"><div class=\"mpc-icon-wrap\"><i class=\"mpc-icon-part mpc-regular mpc-transition  eti eti_arrow_carrot-right\"><\/i><i class=\"mpc-icon-part mpc-hover mpc-transition  eti eti_arrow_carrot-right\"><\/i><\/div><\/div><\/div><span class=\"mpc-list__title\"><a href=\"http:\/\/www.urbanyouthhostel.com\/es\/valencia-deporte\/\">Deportes<\/a><\/span><\/li><li class=\"mpc-list__item mpc-parent-hover mpc-transition\" data-index=\"3\"><div class=\"mpc-list__icon\"><div data-id=\"mpc_icon-7269fa3378d4a31\" class=\"mpc-icon mpc-init mpc-transition mpc-effect-slide-down mpc-icon-hover \"><div class=\"mpc-icon-wrap\"><i class=\"mpc-icon-part mpc-regular mpc-transition  eti eti_arrow_carrot-right\"><\/i><i class=\"mpc-icon-part mpc-hover mpc-transition  eti eti_arrow_carrot-right\"><\/i><\/div><\/div><\/div><span class=\"mpc-list__title\"><a href=\"http:\/\/www.urbanyouthhostel.com\/es\/valencia-monumentos\/\">Monumentos<\/a><\/span><\/li><li class=\"mpc-list__item mpc-parent-hover mpc-transition\" data-index=\"4\"><div class=\"mpc-list__icon\"><div data-id=\"mpc_icon-7269fa3378d4a31\" class=\"mpc-icon mpc-init mpc-transition mpc-effect-slide-down mpc-icon-hover \"><div class=\"mpc-icon-wrap\"><i class=\"mpc-icon-part mpc-regular mpc-transition  eti eti_arrow_carrot-right\"><\/i><i class=\"mpc-icon-part mpc-hover mpc-transition  eti eti_arrow_carrot-right\"><\/i><\/div><\/div><\/div><span class=\"mpc-list__title\"><a href=\"http:\/\/www.urbanyouthhostel.com\/es\/valencia-museos\/\">Museos<\/a><\/span><\/li><li class=\"mpc-list__item mpc-parent-hover mpc-transition\" data-index=\"5\"><div class=\"mpc-list__icon\"><div data-id=\"mpc_icon-7269fa3378d4a31\" class=\"mpc-icon mpc-init mpc-transition mpc-effect-slide-down mpc-icon-hover \"><div class=\"mpc-icon-wrap\"><i class=\"mpc-icon-part mpc-regular mpc-transition  eti eti_arrow_carrot-right\"><\/i><i class=\"mpc-icon-part mpc-hover mpc-transition  eti eti_arrow_carrot-right\"><\/i><\/div><\/div><\/div><span class=\"mpc-list__title\"><a href=\"http:\/\/www.urbanyouthhostel.com\/es\/valencia-naturaleza\/\">Naturaleza<\/a><\/span><\/li><li class=\"mpc-list__item mpc-parent-hover mpc-transition\" data-index=\"6\"><div class=\"mpc-list__icon\"><div data-id=\"mpc_icon-7269fa3378d4a31\" class=\"mpc-icon mpc-init mpc-transition mpc-effect-slide-down mpc-icon-hover \"><div class=\"mpc-icon-wrap\"><i class=\"mpc-icon-part mpc-regular mpc-transition  eti eti_arrow_carrot-right\"><\/i><i class=\"mpc-icon-part mpc-hover mpc-transition  eti eti_arrow_carrot-right\"><\/i><\/div><\/div><\/div><span class=\"mpc-list__title\"><a href=\"http:\/\/www.urbanyouthhostel.com\/es\/valencia-fiestas-populares\/\">Fiestas Populares<\/a><\/span><\/li><\/ul><\/div>[vc_column_text css=&#8221;.vc_custom_1500799563727{margin-bottom: -10px !important;padding-top: 10px !important;padding-right: 10px !important;padding-bottom: 10px !important;padding-left: 10px !important;background-color: #59abe3 !important;border-radius: 5px !important;}&#8221;]<\/p>\n<h3 style=\"text-align: left;\"><span style=\"color: #ffffff;\">Gu\u00eda del viajero<\/span><\/h3>\n<p>[\/vc_column_text]<div id=\"mpc_icon_list-2469fa3378d4a76\" class=\"mpc-icon-list mpc-init mpc-icon--left mpc-typography--mpc_preset_57 \"><ul class=\"mpc-list__ul\"><li class=\"mpc-list__item mpc-parent-hover mpc-transition\" data-index=\"0\"><div class=\"mpc-list__icon\"><div data-id=\"mpc_icon-4169fa3378d4a8b\" class=\"mpc-icon mpc-init mpc-transition mpc-effect-slide-down mpc-icon-hover \"><div class=\"mpc-icon-wrap\"><i class=\"mpc-icon-part mpc-regular mpc-transition  eti eti_arrow_carrot-right\"><\/i><i class=\"mpc-icon-part mpc-hover mpc-transition  eti eti_arrow_carrot-right\"><\/i><\/div><\/div><\/div><span class=\"mpc-list__title\"><a href=\"http:\/\/www.urbanyouthhostel.com\/es\/que-hacer-en-valencia\/\">Qu\u00e9 hacer en Valencia<\/a><\/span><\/li><li class=\"mpc-list__item mpc-parent-hover mpc-transition\" data-index=\"1\"><div class=\"mpc-list__icon\"><div data-id=\"mpc_icon-4169fa3378d4a8b\" class=\"mpc-icon mpc-init mpc-transition mpc-effect-slide-down mpc-icon-hover \"><div class=\"mpc-icon-wrap\"><i class=\"mpc-icon-part mpc-regular mpc-transition  eti eti_arrow_carrot-right\"><\/i><i class=\"mpc-icon-part mpc-hover mpc-transition  eti eti_arrow_carrot-right\"><\/i><\/div><\/div><\/div><span class=\"mpc-list__title\"><a href=\"http:\/\/www.urbanyouthhostel.com\/es\/valencia-transporte\/\">Transporte<\/a><\/span><\/li><li class=\"mpc-list__item mpc-parent-hover mpc-transition\" data-index=\"2\"><div class=\"mpc-list__icon\"><div data-id=\"mpc_icon-4169fa3378d4a8b\" class=\"mpc-icon mpc-init mpc-transition mpc-effect-slide-down mpc-icon-hover \"><div class=\"mpc-icon-wrap\"><i class=\"mpc-icon-part mpc-regular mpc-transition  eti eti_arrow_carrot-right\"><\/i><i class=\"mpc-icon-part mpc-hover mpc-transition  eti eti_arrow_carrot-right\"><\/i><\/div><\/div><\/div><span class=\"mpc-list__title\"><a href=\"http:\/\/www.urbanyouthhostel.com\/es\/valencia-consejos\/\">Valencia Consejos<\/a><\/span><\/li><li class=\"mpc-list__item mpc-parent-hover mpc-transition\" data-index=\"3\"><div class=\"mpc-list__icon\"><div data-id=\"mpc_icon-4169fa3378d4a8b\" class=\"mpc-icon mpc-init mpc-transition mpc-effect-slide-down mpc-icon-hover \"><div class=\"mpc-icon-wrap\"><i class=\"mpc-icon-part mpc-regular mpc-transition  eti eti_arrow_carrot-right\"><\/i><i class=\"mpc-icon-part mpc-hover mpc-transition  eti eti_arrow_carrot-right\"><\/i><\/div><\/div><\/div><span class=\"mpc-list__title\"><a href=\"http:\/\/www.urbanyouthhostel.com\/es\/viajar-a-espana\/\">Viajar a Espa\u00f1a<\/a><\/span><\/li><li class=\"mpc-list__item mpc-parent-hover mpc-transition\" data-index=\"4\"><div class=\"mpc-list__icon\"><div data-id=\"mpc_icon-4169fa3378d4a8b\" class=\"mpc-icon mpc-init mpc-transition mpc-effect-slide-down mpc-icon-hover \"><div class=\"mpc-icon-wrap\"><i class=\"mpc-icon-part mpc-regular mpc-transition  eti eti_arrow_carrot-right\"><\/i><i class=\"mpc-icon-part mpc-hover mpc-transition  eti eti_arrow_carrot-right\"><\/i><\/div><\/div><\/div><span class=\"mpc-list__title\"><a href=\"http:\/\/www.urbanyouthhostel.com\/es\/valencia-vida-nocturna\/\">Vida Nocturna<\/a><\/span><\/li><\/ul><\/div>[\/vc_column][\/vc_row]<\/p>\n<\/div>","protected":false},"excerpt":{"rendered":"<p>[vc_row full_height=&#8221;yes&#8221; css=&#8221;.vc_custom_1500799458600{margin-bottom: 20px !important;}&#8221;][vc_column width=&#8221;1\/3&#8243; css=&#8221;.vc_custom_1500799342222{background-color: #59abe3 !important;}&#8221;][vc_column_text] Valencia es una ciudad que siempre est\u00e1 viva. Sus m\u00e1s de 300 d\u00edas de sol al&#8230;<\/p>\n","protected":false},"author":1,"featured_media":0,"parent":0,"menu_order":0,"comment_status":"closed","ping_status":"closed","template":"","meta":{"rs_blank_template":"","rs_page_bg_color":"","slide_template_v7":"","footnotes":""},"class_list":["post-11636","page","type-page","status-publish","hentry"],"_links":{"self":[{"href":"https:\/\/www.urbanyouthhostel.com\/es\/wp-json\/wp\/v2\/pages\/11636","targetHints":{"allow":["GET"]}}],"collection":[{"href":"https:\/\/www.urbanyouthhostel.com\/es\/wp-json\/wp\/v2\/pages"}],"about":[{"href":"https:\/\/www.urbanyouthhostel.com\/es\/wp-json\/wp\/v2\/types\/page"}],"author":[{"embeddable":true,"href":"https:\/\/www.urbanyouthhostel.com\/es\/wp-json\/wp\/v2\/users\/1"}],"replies":[{"embeddable":true,"href":"https:\/\/www.urbanyouthhostel.com\/es\/wp-json\/wp\/v2\/comments?post=11636"}],"version-history":[{"count":0,"href":"https:\/\/www.urbanyouthhostel.com\/es\/wp-json\/wp\/v2\/pages\/11636\/revisions"}],"wp:attachment":[{"href":"https:\/\/www.urbanyouthhostel.com\/es\/wp-json\/wp\/v2\/media?parent=11636"}],"curies":[{"name":"wp","href":"https:\/\/api.w.org\/{rel}","templated":true}]}}