{"id":12966,"date":"2017-08-06T09:22:06","date_gmt":"2017-08-06T08:22:06","guid":{"rendered":"http:\/\/www.urbanyouthhostel.com\/valencia-all-the-year\/"},"modified":"-0001-11-30T00:00:00","modified_gmt":"-0001-11-29T23:00:00","slug":"valencia-das-ganze-jahr","status":"publish","type":"page","link":"https:\/\/www.urbanyouthhostel.com\/de\/valencia-das-ganze-jahr\/","title":{"rendered":"Valencia &#8211;  DAS GANZE JAHR"},"content":{"rendered":"<div class=\"wpb-content-wrapper\"><p>[vc_row][vc_column]\n        <div class=\"menu-element  horizontal menu-align-center\">\n\t\t\t\n\t\t\t\t\t\t\n\t\t\t<div class=\"menu-meses-de-container\"><ul id=\"menu-meses-de\" class=\"menu\"><li id=\"menu-item-13286\" class=\"menu-item menu-item-type-post_type menu-item-object-page menu-item-13286 item-level-0 item-design-dropdown columns-2\"><a href=\"https:\/\/www.urbanyouthhostel.com\/de\/valencia-im-januar\/\" class=\"item-link\">Valencia im Januar<\/a><\/li>\n<li id=\"menu-item-13287\" class=\"menu-item menu-item-type-post_type menu-item-object-page menu-item-13287 item-level-0 item-design-dropdown columns-2\"><a href=\"https:\/\/www.urbanyouthhostel.com\/de\/valencia-im-februar\/\" class=\"item-link\">Valencia im Februar<\/a><\/li>\n<li id=\"menu-item-13288\" class=\"menu-item menu-item-type-post_type menu-item-object-page menu-item-13288 item-level-0 item-design-dropdown columns-2\"><a href=\"https:\/\/www.urbanyouthhostel.com\/de\/valencia-im-maerz\/\" class=\"item-link\">Valencia im M\u00e4rz<\/a><\/li>\n<li id=\"menu-item-13289\" class=\"menu-item menu-item-type-post_type menu-item-object-page menu-item-13289 item-level-0 item-design-dropdown columns-2\"><a href=\"https:\/\/www.urbanyouthhostel.com\/de\/valencia-im-april\/\" class=\"item-link\">Valencia im April<\/a><\/li>\n<li id=\"menu-item-13290\" class=\"menu-item menu-item-type-post_type menu-item-object-page menu-item-13290 item-level-0 item-design-dropdown columns-2\"><a href=\"https:\/\/www.urbanyouthhostel.com\/de\/valencia-im-mai\/\" class=\"item-link\">Valencia im Mai<\/a><\/li>\n<li id=\"menu-item-13291\" class=\"menu-item menu-item-type-post_type menu-item-object-page menu-item-13291 item-level-0 item-design-dropdown columns-2\"><a href=\"https:\/\/www.urbanyouthhostel.com\/de\/valencia-im-juni\/\" class=\"item-link\">Valencia im Juni<\/a><\/li>\n<li id=\"menu-item-13292\" class=\"menu-item menu-item-type-post_type menu-item-object-page menu-item-13292 item-level-0 item-design-dropdown columns-2\"><a href=\"https:\/\/www.urbanyouthhostel.com\/de\/valencia-im-juli\/\" class=\"item-link\">Valencia im Juli<\/a><\/li>\n<li id=\"menu-item-13293\" class=\"menu-item menu-item-type-post_type menu-item-object-page menu-item-13293 item-level-0 item-design-dropdown columns-2\"><a href=\"https:\/\/www.urbanyouthhostel.com\/de\/valencia-im-august\/\" class=\"item-link\">Valencia im August<\/a><\/li>\n<li id=\"menu-item-13294\" class=\"menu-item menu-item-type-post_type menu-item-object-page menu-item-13294 item-level-0 item-design-dropdown columns-2\"><a href=\"https:\/\/www.urbanyouthhostel.com\/de\/valencia-im-september\/\" class=\"item-link\">Valencia im September<\/a><\/li>\n<li id=\"menu-item-13295\" class=\"menu-item menu-item-type-post_type menu-item-object-page menu-item-13295 item-level-0 item-design-dropdown columns-2\"><a href=\"https:\/\/www.urbanyouthhostel.com\/de\/valencia-im-oktober\/\" class=\"item-link\">Valencia im Oktober<\/a><\/li>\n<li id=\"menu-item-13296\" class=\"menu-item menu-item-type-post_type menu-item-object-page menu-item-13296 item-level-0 item-design-dropdown columns-2\"><a href=\"https:\/\/www.urbanyouthhostel.com\/de\/valencia-im-november\/\" class=\"item-link\">Valencia im November<\/a><\/li>\n<li id=\"menu-item-13297\" class=\"menu-item menu-item-type-post_type menu-item-object-page menu-item-13297 item-level-0 item-design-dropdown columns-2\"><a href=\"https:\/\/www.urbanyouthhostel.com\/de\/valencia-im-dezember\/\" class=\"item-link\">Valencia im Dezember<\/a><\/li>\n<\/ul><\/div>\n        <\/div>\n\t\t\n\t\t[vc_column_text]<\/p>\n<h2 style=\"text-align: center;\">Schauen Sie sich das gro\u00dfartige Angebot an Aktivit\u00e4ten, Veranstaltungen und Ausstellungen an, die wir das ganze Jahr \u00fcber in Valencia anbieten<\/h2>\n<p>[\/vc_column_text][\/vc_column][\/vc_row][vc_row][vc_column][vc_basic_grid post_type=&#8221;post&#8221; max_items=&#8221;100&#8243; style=&#8221;lazy&#8221; items_per_page=&#8221;9&#8243; show_filter=&#8221;yes&#8221; item=&#8221;masonryGrid_Default&#8221; grid_id=&#8221;vc_gid:1548867241304-b4e4cb80-0fce-0&#8243; taxonomies=&#8221;192&#8243; filter_source=&#8221;post_tag&#8221;][\/vc_column][\/vc_row]<\/p>\n<\/div>","protected":false},"excerpt":{"rendered":"<p>[vc_row][vc_column][vc_column_text] Schauen Sie sich das gro\u00dfartige Angebot an Aktivit\u00e4ten, Veranstaltungen und Ausstellungen an, die wir das ganze Jahr \u00fcber in Valencia anbieten [\/vc_column_text][\/vc_column][\/vc_row][vc_row][vc_column][vc_basic_grid post_type=&#8221;post&#8221; max_items=&#8221;100&#8243;&#8230;<\/p>\n","protected":false},"author":1,"featured_media":0,"parent":0,"menu_order":0,"comment_status":"closed","ping_status":"closed","template":"","meta":{"rs_blank_template":"","rs_page_bg_color":"","slide_template_v7":"","footnotes":""},"class_list":["post-12966","page","type-page","status-publish","hentry"],"_links":{"self":[{"href":"https:\/\/www.urbanyouthhostel.com\/de\/wp-json\/wp\/v2\/pages\/12966","targetHints":{"allow":["GET"]}}],"collection":[{"href":"https:\/\/www.urbanyouthhostel.com\/de\/wp-json\/wp\/v2\/pages"}],"about":[{"href":"https:\/\/www.urbanyouthhostel.com\/de\/wp-json\/wp\/v2\/types\/page"}],"author":[{"embeddable":true,"href":"https:\/\/www.urbanyouthhostel.com\/de\/wp-json\/wp\/v2\/users\/1"}],"replies":[{"embeddable":true,"href":"https:\/\/www.urbanyouthhostel.com\/de\/wp-json\/wp\/v2\/comments?post=12966"}],"version-history":[{"count":0,"href":"https:\/\/www.urbanyouthhostel.com\/de\/wp-json\/wp\/v2\/pages\/12966\/revisions"}],"wp:attachment":[{"href":"https:\/\/www.urbanyouthhostel.com\/de\/wp-json\/wp\/v2\/media?parent=12966"}],"curies":[{"name":"wp","href":"https:\/\/api.w.org\/{rel}","templated":true}]}}